{"id":20793,"date":"2019-05-21T20:03:03","date_gmt":"2019-05-21T20:03:03","guid":{"rendered":"https:\/\/clauberg.tools\/product\/s-580-22-2-cisalhamento-de-rosas\/"},"modified":"2019-05-21T20:03:03","modified_gmt":"2019-05-21T20:03:03","slug":"s-580-22-2-rose-shear-2","status":"publish","type":"product","link":"https:\/\/clauberg.tools\/pt-pt\/produto\/s-580-22-2-rose-shear-2","title":{"rendered":"S 580 22-2 Cisalhamento de rosas"},"content":{"rendered":"<p>https:\/\/clauberg.tools\/?post_type=product&#038;p=6570<\/p>\n","protected":false},"excerpt":{"rendered":"<p>Cisalhamento feito de a\u00e7o especial para cisalhamento, forjado a quente em matriz fechada.<\/p>\n<p>L\u00e2mina e cabo fabricados numa s\u00f3 pe\u00e7a.<br \/>\nL\u00e2minas de desvio.<br \/>\nCortador de fio integrado.<br \/>\nCom porca de bloqueio e placa de guia.<br \/>\nPegas em madeira fixadas com rebites.<br \/>\nFecho de metal.<br \/>\nUma ferramenta muito bonita e tamb\u00e9m um presente muito bonito.<\/p>\n<p>Comprimento: 22 cm.<\/p>\n<p>Peso: 330 g.<\/p>\n","protected":false},"featured_media":5361,"comment_status":"closed","ping_status":"closed","template":"","meta":[],"product_brand":[],"product_cat":[847],"product_tag":[],"class_list":{"0":"post-20793","1":"product","2":"type-product","3":"status-publish","4":"has-post-thumbnail","6":"product_cat-tesouras-de-jardinagem","8":"first","9":"instock","10":"shipping-taxable","11":"product-type-simple"},"_links":{"self":[{"href":"https:\/\/clauberg.tools\/pt-pt\/wp-json\/wp\/v2\/product\/20793","targetHints":{"allow":["GET"]}}],"collection":[{"href":"https:\/\/clauberg.tools\/pt-pt\/wp-json\/wp\/v2\/product"}],"about":[{"href":"https:\/\/clauberg.tools\/pt-pt\/wp-json\/wp\/v2\/types\/product"}],"replies":[{"embeddable":true,"href":"https:\/\/clauberg.tools\/pt-pt\/wp-json\/wp\/v2\/comments?post=20793"}],"version-history":[{"count":0,"href":"https:\/\/clauberg.tools\/pt-pt\/wp-json\/wp\/v2\/product\/20793\/revisions"}],"wp:featuredmedia":[{"embeddable":true,"href":"https:\/\/clauberg.tools\/pt-pt\/wp-json\/wp\/v2\/media\/5361"}],"wp:attachment":[{"href":"https:\/\/clauberg.tools\/pt-pt\/wp-json\/wp\/v2\/media?parent=20793"}],"wp:term":[{"taxonomy":"product_brand","embeddable":true,"href":"https:\/\/clauberg.tools\/pt-pt\/wp-json\/wp\/v2\/product_brand?post=20793"},{"taxonomy":"product_cat","embeddable":true,"href":"https:\/\/clauberg.tools\/pt-pt\/wp-json\/wp\/v2\/product_cat?post=20793"},{"taxonomy":"product_tag","embeddable":true,"href":"https:\/\/clauberg.tools\/pt-pt\/wp-json\/wp\/v2\/product_tag?post=20793"}],"curies":[{"name":"wp","href":"https:\/\/api.w.org\/{rel}","templated":true}]}}