{"id":20789,"date":"2019-05-21T20:02:57","date_gmt":"2019-05-21T20:02:57","guid":{"rendered":"https:\/\/clauberg.tools\/product\/s-580-22-1-cisalhamento-de-rosa\/"},"modified":"2019-05-21T20:02:57","modified_gmt":"2019-05-21T20:02:57","slug":"s-580-22-1-rose-shear-2","status":"publish","type":"product","link":"https:\/\/clauberg.tools\/pt-pt\/produto\/s-580-22-1-rose-shear-2","title":{"rendered":"S 580 22-1 Cisalhamento de rosa"},"content":{"rendered":"<p>https:\/\/clauberg.tools\/?post_type=product&#038;p=6568<\/p>\n","protected":false},"excerpt":{"rendered":"<p>Cisalhamento feito de a\u00e7o especial para cisalhamento, forjado a quente em matriz fechada.<\/p>\n<p>L\u00e2mina e cabo fabricados numa s\u00f3 pe\u00e7a.<br \/>\nL\u00e2minas de desvio.<br \/>\nCortador de fio integrado.<br \/>\nCom porca de bloqueio e placa de guia.<br \/>\nPegas ocas grandes e confort\u00e1veis.<br \/>\nPegas com isolamento de pl\u00e1stico vermelho.<br \/>\nFecho em pele sint\u00e9tica.<\/p>\n<p>Comprimento: 22 cm.<\/p>\n<p>Peso: 330 g.<\/p>\n","protected":false},"featured_media":5367,"comment_status":"closed","ping_status":"closed","template":"","meta":[],"product_brand":[],"product_cat":[847],"product_tag":[],"class_list":{"0":"post-20789","1":"product","2":"type-product","3":"status-publish","4":"has-post-thumbnail","6":"product_cat-tesouras-de-jardinagem","8":"first","9":"instock","10":"shipping-taxable","11":"product-type-simple"},"_links":{"self":[{"href":"https:\/\/clauberg.tools\/pt-pt\/wp-json\/wp\/v2\/product\/20789","targetHints":{"allow":["GET"]}}],"collection":[{"href":"https:\/\/clauberg.tools\/pt-pt\/wp-json\/wp\/v2\/product"}],"about":[{"href":"https:\/\/clauberg.tools\/pt-pt\/wp-json\/wp\/v2\/types\/product"}],"replies":[{"embeddable":true,"href":"https:\/\/clauberg.tools\/pt-pt\/wp-json\/wp\/v2\/comments?post=20789"}],"version-history":[{"count":0,"href":"https:\/\/clauberg.tools\/pt-pt\/wp-json\/wp\/v2\/product\/20789\/revisions"}],"wp:featuredmedia":[{"embeddable":true,"href":"https:\/\/clauberg.tools\/pt-pt\/wp-json\/wp\/v2\/media\/5367"}],"wp:attachment":[{"href":"https:\/\/clauberg.tools\/pt-pt\/wp-json\/wp\/v2\/media?parent=20789"}],"wp:term":[{"taxonomy":"product_brand","embeddable":true,"href":"https:\/\/clauberg.tools\/pt-pt\/wp-json\/wp\/v2\/product_brand?post=20789"},{"taxonomy":"product_cat","embeddable":true,"href":"https:\/\/clauberg.tools\/pt-pt\/wp-json\/wp\/v2\/product_cat?post=20789"},{"taxonomy":"product_tag","embeddable":true,"href":"https:\/\/clauberg.tools\/pt-pt\/wp-json\/wp\/v2\/product_tag?post=20789"}],"curies":[{"name":"wp","href":"https:\/\/api.w.org\/{rel}","templated":true}]}}