{"id":20780,"date":"2019-05-21T20:00:57","date_gmt":"2019-05-21T20:00:57","guid":{"rendered":"https:\/\/clauberg.tools\/product\/h-21500521-faca-de-colheita\/"},"modified":"2019-05-21T20:00:57","modified_gmt":"2019-05-21T20:00:57","slug":"h-21500521-harvesting-knife-2","status":"publish","type":"product","link":"https:\/\/clauberg.tools\/pt-pt\/produto\/h-21500521-harvesting-knife-2","title":{"rendered":"H 21500521 Faca de colheita"},"content":{"rendered":"<p>https:\/\/clauberg.tools\/?post_type=product&#038;p=6564<\/p>\n","protected":false},"excerpt":{"rendered":"<p>Faca de colheita.<br \/>\nL\u00e2mina de a\u00e7o inoxid\u00e1vel com bordos recortados.<br \/>\nComprimento da l\u00e2mina 210 mm.<br \/>\nFaca muito dur\u00e1vel e robusta.<br \/>\nCabo de pl\u00e1stico amarelo com prote\u00e7\u00e3o para os dedos.<br \/>\nPeso: 150g.<\/p>\n<p>&nbsp;<\/p>\n","protected":false},"featured_media":5969,"comment_status":"closed","ping_status":"closed","template":"","meta":[],"product_brand":[],"product_cat":[891],"product_tag":[],"class_list":{"0":"post-20780","1":"product","2":"type-product","3":"status-publish","4":"has-post-thumbnail","6":"product_cat-ferramentas-e-facas-para-a-colheita-de-espargos","8":"first","9":"instock","10":"shipping-taxable","11":"product-type-simple"},"_links":{"self":[{"href":"https:\/\/clauberg.tools\/pt-pt\/wp-json\/wp\/v2\/product\/20780","targetHints":{"allow":["GET"]}}],"collection":[{"href":"https:\/\/clauberg.tools\/pt-pt\/wp-json\/wp\/v2\/product"}],"about":[{"href":"https:\/\/clauberg.tools\/pt-pt\/wp-json\/wp\/v2\/types\/product"}],"replies":[{"embeddable":true,"href":"https:\/\/clauberg.tools\/pt-pt\/wp-json\/wp\/v2\/comments?post=20780"}],"version-history":[{"count":0,"href":"https:\/\/clauberg.tools\/pt-pt\/wp-json\/wp\/v2\/product\/20780\/revisions"}],"wp:featuredmedia":[{"embeddable":true,"href":"https:\/\/clauberg.tools\/pt-pt\/wp-json\/wp\/v2\/media\/5969"}],"wp:attachment":[{"href":"https:\/\/clauberg.tools\/pt-pt\/wp-json\/wp\/v2\/media?parent=20780"}],"wp:term":[{"taxonomy":"product_brand","embeddable":true,"href":"https:\/\/clauberg.tools\/pt-pt\/wp-json\/wp\/v2\/product_brand?post=20780"},{"taxonomy":"product_cat","embeddable":true,"href":"https:\/\/clauberg.tools\/pt-pt\/wp-json\/wp\/v2\/product_cat?post=20780"},{"taxonomy":"product_tag","embeddable":true,"href":"https:\/\/clauberg.tools\/pt-pt\/wp-json\/wp\/v2\/product_tag?post=20780"}],"curies":[{"name":"wp","href":"https:\/\/api.w.org\/{rel}","templated":true}]}}