{"id":20772,"date":"2019-05-21T19:59:28","date_gmt":"2019-05-21T19:59:28","guid":{"rendered":"https:\/\/clauberg.tools\/product\/h-11200036-faca-de-aparar\/"},"modified":"2019-05-21T19:59:28","modified_gmt":"2019-05-21T19:59:28","slug":"h-11200036-triming-knife-2","status":"publish","type":"product","link":"https:\/\/clauberg.tools\/pt-pt\/produto\/h-11200036-triming-knife-2","title":{"rendered":"H 11200036 Faca de aparar"},"content":{"rendered":"<p>https:\/\/clauberg.tools\/?post_type=product&#038;p=6563<\/p>\n","protected":false},"excerpt":{"rendered":"<p>Faca de corte.<br \/>\nL\u00e2mina em a\u00e7o inoxid\u00e1vel.<br \/>\nComprimento da l\u00e2mina 360 mm.<br \/>\nFaca muito dur\u00e1vel e robusta com uma espessura de l\u00e2mina de 2,5 mm.<br \/>\nCabo de pl\u00e1stico amarelo com prote\u00e7\u00e3o para os dedos.<br \/>\nPeso: 300g.<\/p>\n","protected":false},"featured_media":5974,"comment_status":"closed","ping_status":"closed","template":"","meta":[],"product_brand":[],"product_cat":[891],"product_tag":[],"class_list":{"0":"post-20772","1":"product","2":"type-product","3":"status-publish","4":"has-post-thumbnail","6":"product_cat-ferramentas-e-facas-para-a-colheita-de-espargos","8":"first","9":"instock","10":"shipping-taxable","11":"product-type-simple"},"_links":{"self":[{"href":"https:\/\/clauberg.tools\/pt-pt\/wp-json\/wp\/v2\/product\/20772","targetHints":{"allow":["GET"]}}],"collection":[{"href":"https:\/\/clauberg.tools\/pt-pt\/wp-json\/wp\/v2\/product"}],"about":[{"href":"https:\/\/clauberg.tools\/pt-pt\/wp-json\/wp\/v2\/types\/product"}],"replies":[{"embeddable":true,"href":"https:\/\/clauberg.tools\/pt-pt\/wp-json\/wp\/v2\/comments?post=20772"}],"version-history":[{"count":0,"href":"https:\/\/clauberg.tools\/pt-pt\/wp-json\/wp\/v2\/product\/20772\/revisions"}],"wp:featuredmedia":[{"embeddable":true,"href":"https:\/\/clauberg.tools\/pt-pt\/wp-json\/wp\/v2\/media\/5974"}],"wp:attachment":[{"href":"https:\/\/clauberg.tools\/pt-pt\/wp-json\/wp\/v2\/media?parent=20772"}],"wp:term":[{"taxonomy":"product_brand","embeddable":true,"href":"https:\/\/clauberg.tools\/pt-pt\/wp-json\/wp\/v2\/product_brand?post=20772"},{"taxonomy":"product_cat","embeddable":true,"href":"https:\/\/clauberg.tools\/pt-pt\/wp-json\/wp\/v2\/product_cat?post=20772"},{"taxonomy":"product_tag","embeddable":true,"href":"https:\/\/clauberg.tools\/pt-pt\/wp-json\/wp\/v2\/product_tag?post=20772"}],"curies":[{"name":"wp","href":"https:\/\/api.w.org\/{rel}","templated":true}]}}