{"id":20750,"date":"2019-05-21T20:24:36","date_gmt":"2019-05-21T20:24:36","guid":{"rendered":"https:\/\/clauberg.tools\/product\/spa-599-faca-de-colheita-de-espargos\/"},"modified":"2019-05-21T20:24:36","modified_gmt":"2019-05-21T20:24:36","slug":"spa-599-aspargo-faca-de-colheita-2","status":"publish","type":"product","link":"https:\/\/clauberg.tools\/pt-pt\/produto\/spa-599-aspargo-faca-de-colheita-2","title":{"rendered":"SPA 599 Faca de colheita de espargos"},"content":{"rendered":"<p>https:\/\/clauberg.tools\/?post_type=product&#038;p=6590<\/p>\n","protected":false},"excerpt":{"rendered":"<p>SPA 599 &#8211; Faca de colheita de espargos.<\/p>\n<p>Faca de colheita de espargos forjada a quente.<br \/>\nA\u00e7o-carbono temperado.<br \/>\nCabo de madeira maci\u00e7a.<br \/>\nEixo: \u00d8 10 mm.<br \/>\nInclina\u00e7\u00e3o da l\u00e2mina: 17\u00ba.<br \/>\nLargura da l\u00e2mina: 40 mm.<br \/>\nComprimento total: 495 mm.<br \/>\nPeso: 300 g.<\/p>\n","protected":false},"featured_media":5181,"comment_status":"closed","ping_status":"closed","template":"","meta":[],"product_brand":[],"product_cat":[891],"product_tag":[],"class_list":{"0":"post-20750","1":"product","2":"type-product","3":"status-publish","4":"has-post-thumbnail","6":"product_cat-ferramentas-e-facas-para-a-colheita-de-espargos","8":"first","9":"instock","10":"shipping-taxable","11":"product-type-simple"},"_links":{"self":[{"href":"https:\/\/clauberg.tools\/pt-pt\/wp-json\/wp\/v2\/product\/20750","targetHints":{"allow":["GET"]}}],"collection":[{"href":"https:\/\/clauberg.tools\/pt-pt\/wp-json\/wp\/v2\/product"}],"about":[{"href":"https:\/\/clauberg.tools\/pt-pt\/wp-json\/wp\/v2\/types\/product"}],"replies":[{"embeddable":true,"href":"https:\/\/clauberg.tools\/pt-pt\/wp-json\/wp\/v2\/comments?post=20750"}],"version-history":[{"count":0,"href":"https:\/\/clauberg.tools\/pt-pt\/wp-json\/wp\/v2\/product\/20750\/revisions"}],"wp:featuredmedia":[{"embeddable":true,"href":"https:\/\/clauberg.tools\/pt-pt\/wp-json\/wp\/v2\/media\/5181"}],"wp:attachment":[{"href":"https:\/\/clauberg.tools\/pt-pt\/wp-json\/wp\/v2\/media?parent=20750"}],"wp:term":[{"taxonomy":"product_brand","embeddable":true,"href":"https:\/\/clauberg.tools\/pt-pt\/wp-json\/wp\/v2\/product_brand?post=20750"},{"taxonomy":"product_cat","embeddable":true,"href":"https:\/\/clauberg.tools\/pt-pt\/wp-json\/wp\/v2\/product_cat?post=20750"},{"taxonomy":"product_tag","embeddable":true,"href":"https:\/\/clauberg.tools\/pt-pt\/wp-json\/wp\/v2\/product_tag?post=20750"}],"curies":[{"name":"wp","href":"https:\/\/api.w.org\/{rel}","templated":true}]}}