{"id":20747,"date":"2019-05-21T20:08:33","date_gmt":"2019-05-21T20:08:33","guid":{"rendered":"https:\/\/clauberg.tools\/product\/s-121-tosquia-para-arvores-jardim-e-uvas\/"},"modified":"2019-05-21T20:08:33","modified_gmt":"2019-05-21T20:08:33","slug":"s-121-tree-garden-and-grape-shear-2","status":"publish","type":"product","link":"https:\/\/clauberg.tools\/pt-pt\/produto\/s-121-tree-garden-and-grape-shear-2","title":{"rendered":"S 121 Tosquia para \u00e1rvores &#8211; jardim e uvas"},"content":{"rendered":"<p>Tesoura para \u00e1rvores\/ jardim\/ uva.<\/p>\n<p>Forjado a quente no molde.<br \/>\nFabricado em a\u00e7o especial para cisalhamento.<br \/>\nL\u00e2mina e cabo fabricados numa s\u00f3 pe\u00e7a.<br \/>\nL\u00e2minas de desvio.<br \/>\nPegas com isolamento de pl\u00e1stico vermelho.<br \/>\nFixador de arame.<\/p>\n<p>S 121 17-1 Comprimento: 17 cm. Peso: 230 g.<br \/>\nS 121 19-1 Comprimento: 19 cm. Peso: 270 g.<br \/>\nS 121 21-1 Comprimento: 21 cm. Peso: 335 g.<br \/>\nS 121 23-1 Comprimento: 23 cm. Peso: 415 g.<\/p>\n","protected":false},"excerpt":{"rendered":"<p>Tesoura para \u00e1rvores\/ jardim\/ uva.<\/p>\n<p>Forjado a quente no molde.<br \/>\nFabricado em a\u00e7o especial para cisalhamento.<br \/>\nL\u00e2mina e cabo fabricados numa s\u00f3 pe\u00e7a.<br \/>\nL\u00e2minas de desvio.<br \/>\nPegas com isolamento de pl\u00e1stico vermelho.<br \/>\nFixador de arame.<\/p>\n<p>S 121 17-1 Comprimento: 17 cm. Peso: 230 g.<br \/>\nS 121 19-1 Comprimento: 19 cm. Peso: 270 g.<br \/>\nS 121 21-1 Comprimento: 21 cm. Peso: 335 g.<br \/>\nS 121 23-1 Comprimento: 23 cm. Peso: 415 g.<\/p>\n","protected":false},"featured_media":5296,"comment_status":"closed","ping_status":"closed","template":"","meta":[],"product_brand":[],"product_cat":[847],"product_tag":[],"class_list":{"0":"post-20747","1":"product","2":"type-product","3":"status-publish","4":"has-post-thumbnail","6":"product_cat-tesouras-de-jardinagem","8":"first","9":"instock","10":"shipping-taxable","11":"product-type-simple"},"_links":{"self":[{"href":"https:\/\/clauberg.tools\/pt-pt\/wp-json\/wp\/v2\/product\/20747","targetHints":{"allow":["GET"]}}],"collection":[{"href":"https:\/\/clauberg.tools\/pt-pt\/wp-json\/wp\/v2\/product"}],"about":[{"href":"https:\/\/clauberg.tools\/pt-pt\/wp-json\/wp\/v2\/types\/product"}],"replies":[{"embeddable":true,"href":"https:\/\/clauberg.tools\/pt-pt\/wp-json\/wp\/v2\/comments?post=20747"}],"version-history":[{"count":0,"href":"https:\/\/clauberg.tools\/pt-pt\/wp-json\/wp\/v2\/product\/20747\/revisions"}],"wp:featuredmedia":[{"embeddable":true,"href":"https:\/\/clauberg.tools\/pt-pt\/wp-json\/wp\/v2\/media\/5296"}],"wp:attachment":[{"href":"https:\/\/clauberg.tools\/pt-pt\/wp-json\/wp\/v2\/media?parent=20747"}],"wp:term":[{"taxonomy":"product_brand","embeddable":true,"href":"https:\/\/clauberg.tools\/pt-pt\/wp-json\/wp\/v2\/product_brand?post=20747"},{"taxonomy":"product_cat","embeddable":true,"href":"https:\/\/clauberg.tools\/pt-pt\/wp-json\/wp\/v2\/product_cat?post=20747"},{"taxonomy":"product_tag","embeddable":true,"href":"https:\/\/clauberg.tools\/pt-pt\/wp-json\/wp\/v2\/product_tag?post=20747"}],"curies":[{"name":"wp","href":"https:\/\/api.w.org\/{rel}","templated":true}]}}