{"id":20737,"date":"2019-05-21T20:08:12","date_gmt":"2019-05-21T20:08:12","guid":{"rendered":"https:\/\/clauberg.tools\/product\/s-551-19-1-tesoura-para-arvores-para-jardim-e-para-uvas\/"},"modified":"2019-05-21T20:08:12","modified_gmt":"2019-05-21T20:08:12","slug":"s-551-19-1-tree-garden-and-grape-shear-2","status":"publish","type":"product","link":"https:\/\/clauberg.tools\/pt-pt\/produto\/s-551-19-1-tree-garden-and-grape-shear-2","title":{"rendered":"S 551 19-1 Tesoura para \u00e1rvores, para jardim e para uvas"},"content":{"rendered":"<p>https:\/\/clauberg.tools\/?post_type=product&#038;p=6578<\/p>\n","protected":false},"excerpt":{"rendered":"<p>Tesoura para \u00e1rvores\/ jardim\/ uva.<\/p>\n<p>Forjado a quente em matriz fechada.<br \/>\nFabricado em a\u00e7o especial para cisalhamento.<br \/>\nL\u00e2mina e cabo fabricados numa s\u00f3 pe\u00e7a.<br \/>\nL\u00e2minas de desvio.<br \/>\nCom porca de bloqueio e placa de guia.<br \/>\nPegas com isolamento de pl\u00e1stico vermelho.<br \/>\nFecho em couro sint\u00e9tico.<\/p>\n<p>Comprimento: 19 cm.<br \/>\nPeso: 210 g.<\/p>\n","protected":false},"featured_media":5314,"comment_status":"closed","ping_status":"closed","template":"","meta":[],"product_brand":[],"product_cat":[847],"product_tag":[],"class_list":{"0":"post-20737","1":"product","2":"type-product","3":"status-publish","4":"has-post-thumbnail","6":"product_cat-tesouras-de-jardinagem","8":"first","9":"instock","10":"shipping-taxable","11":"product-type-simple"},"_links":{"self":[{"href":"https:\/\/clauberg.tools\/pt-pt\/wp-json\/wp\/v2\/product\/20737","targetHints":{"allow":["GET"]}}],"collection":[{"href":"https:\/\/clauberg.tools\/pt-pt\/wp-json\/wp\/v2\/product"}],"about":[{"href":"https:\/\/clauberg.tools\/pt-pt\/wp-json\/wp\/v2\/types\/product"}],"replies":[{"embeddable":true,"href":"https:\/\/clauberg.tools\/pt-pt\/wp-json\/wp\/v2\/comments?post=20737"}],"version-history":[{"count":0,"href":"https:\/\/clauberg.tools\/pt-pt\/wp-json\/wp\/v2\/product\/20737\/revisions"}],"wp:featuredmedia":[{"embeddable":true,"href":"https:\/\/clauberg.tools\/pt-pt\/wp-json\/wp\/v2\/media\/5314"}],"wp:attachment":[{"href":"https:\/\/clauberg.tools\/pt-pt\/wp-json\/wp\/v2\/media?parent=20737"}],"wp:term":[{"taxonomy":"product_brand","embeddable":true,"href":"https:\/\/clauberg.tools\/pt-pt\/wp-json\/wp\/v2\/product_brand?post=20737"},{"taxonomy":"product_cat","embeddable":true,"href":"https:\/\/clauberg.tools\/pt-pt\/wp-json\/wp\/v2\/product_cat?post=20737"},{"taxonomy":"product_tag","embeddable":true,"href":"https:\/\/clauberg.tools\/pt-pt\/wp-json\/wp\/v2\/product_tag?post=20737"}],"curies":[{"name":"wp","href":"https:\/\/api.w.org\/{rel}","templated":true}]}}