{"id":20714,"date":"2019-05-21T20:25:03","date_gmt":"2019-05-21T20:25:03","guid":{"rendered":"https:\/\/clauberg.tools\/product\/spa-501-30-faca-de-colheita-de-espargos\/"},"modified":"2019-05-21T20:25:03","modified_gmt":"2019-05-21T20:25:03","slug":"spa-501-30-asparagus-harvesting-knife-2","status":"publish","type":"product","link":"https:\/\/clauberg.tools\/pt-pt\/produto\/spa-501-30-asparagus-harvesting-knife-2","title":{"rendered":"SPA 501 30 Faca de colheita de espargos"},"content":{"rendered":"<p>https:\/\/clauberg.tools\/?post_type=product&#038;p=6593<\/p>\n","protected":false},"excerpt":{"rendered":"<p>SPA 501 30 &#8211; Faca de colheita de espargos.<\/p>\n<p>Faca de colheita de espargos forjada em gota quente.<br \/>\nA\u00e7o-carbono temperado.<br \/>\nCabo de madeira maci\u00e7a.<br \/>\nVeio quadrado 8 x 8 mm.<br \/>\nInclina\u00e7\u00e3o da l\u00e2mina: 30\u00ba.<br \/>\nLargura da l\u00e2mina: 35 mm.<br \/>\nComprimento total: 495 mm.<br \/>\nPeso: 300 g.<\/p>\n","protected":false},"featured_media":5163,"comment_status":"closed","ping_status":"closed","template":"","meta":[],"product_brand":[],"product_cat":[891],"product_tag":[],"class_list":{"0":"post-20714","1":"product","2":"type-product","3":"status-publish","4":"has-post-thumbnail","6":"product_cat-ferramentas-e-facas-para-a-colheita-de-espargos","8":"first","9":"instock","10":"shipping-taxable","11":"product-type-simple"},"_links":{"self":[{"href":"https:\/\/clauberg.tools\/pt-pt\/wp-json\/wp\/v2\/product\/20714","targetHints":{"allow":["GET"]}}],"collection":[{"href":"https:\/\/clauberg.tools\/pt-pt\/wp-json\/wp\/v2\/product"}],"about":[{"href":"https:\/\/clauberg.tools\/pt-pt\/wp-json\/wp\/v2\/types\/product"}],"replies":[{"embeddable":true,"href":"https:\/\/clauberg.tools\/pt-pt\/wp-json\/wp\/v2\/comments?post=20714"}],"version-history":[{"count":0,"href":"https:\/\/clauberg.tools\/pt-pt\/wp-json\/wp\/v2\/product\/20714\/revisions"}],"wp:featuredmedia":[{"embeddable":true,"href":"https:\/\/clauberg.tools\/pt-pt\/wp-json\/wp\/v2\/media\/5163"}],"wp:attachment":[{"href":"https:\/\/clauberg.tools\/pt-pt\/wp-json\/wp\/v2\/media?parent=20714"}],"wp:term":[{"taxonomy":"product_brand","embeddable":true,"href":"https:\/\/clauberg.tools\/pt-pt\/wp-json\/wp\/v2\/product_brand?post=20714"},{"taxonomy":"product_cat","embeddable":true,"href":"https:\/\/clauberg.tools\/pt-pt\/wp-json\/wp\/v2\/product_cat?post=20714"},{"taxonomy":"product_tag","embeddable":true,"href":"https:\/\/clauberg.tools\/pt-pt\/wp-json\/wp\/v2\/product_tag?post=20714"}],"curies":[{"name":"wp","href":"https:\/\/api.w.org\/{rel}","templated":true}]}}