{"id":20684,"date":"2019-05-22T09:52:23","date_gmt":"2019-05-22T09:52:23","guid":{"rendered":"https:\/\/clauberg.tools\/product\/f-930-cortador-de-ardosia-com-perfurador\/"},"modified":"2019-05-22T09:52:23","modified_gmt":"2019-05-22T09:52:23","slug":"f-930-slate-cutter-with-hole-punch-2","status":"publish","type":"product","link":"https:\/\/clauberg.tools\/pt-pt\/produto\/f-930-slate-cutter-with-hole-punch-2","title":{"rendered":"F 930 Cortador de ard\u00f3sia com perfurador"},"content":{"rendered":"<p>https:\/\/clauberg.tools\/?post_type=product&#038;p=6630<\/p>\n","protected":false},"excerpt":{"rendered":"<p>F 930 Cortador de ard\u00f3sia com furador para cortar e moldar ard\u00f3sia natural at\u00e9 7 mm.<\/p>\n<p>Corta sem p\u00f3 ou esfarelamento.<br \/>\nMatriz e l\u00e2mina intercambi\u00e1veis.<br \/>\nMatriz e l\u00e2mina em a\u00e7o-carbono temperado.<br \/>\nRestaurar a primavera.<br \/>\nPegas ergom\u00e9tricas 2-K.<\/p>\n","protected":false},"featured_media":4989,"comment_status":"closed","ping_status":"closed","template":"","meta":[],"product_brand":[],"product_cat":[851],"product_tag":[],"class_list":{"0":"post-20684","1":"product","2":"type-product","3":"status-publish","4":"has-post-thumbnail","6":"product_cat-ferramentas-para-ardosia","8":"first","9":"instock","10":"shipping-taxable","11":"product-type-simple"},"_links":{"self":[{"href":"https:\/\/clauberg.tools\/pt-pt\/wp-json\/wp\/v2\/product\/20684","targetHints":{"allow":["GET"]}}],"collection":[{"href":"https:\/\/clauberg.tools\/pt-pt\/wp-json\/wp\/v2\/product"}],"about":[{"href":"https:\/\/clauberg.tools\/pt-pt\/wp-json\/wp\/v2\/types\/product"}],"replies":[{"embeddable":true,"href":"https:\/\/clauberg.tools\/pt-pt\/wp-json\/wp\/v2\/comments?post=20684"}],"version-history":[{"count":0,"href":"https:\/\/clauberg.tools\/pt-pt\/wp-json\/wp\/v2\/product\/20684\/revisions"}],"wp:featuredmedia":[{"embeddable":true,"href":"https:\/\/clauberg.tools\/pt-pt\/wp-json\/wp\/v2\/media\/4989"}],"wp:attachment":[{"href":"https:\/\/clauberg.tools\/pt-pt\/wp-json\/wp\/v2\/media?parent=20684"}],"wp:term":[{"taxonomy":"product_brand","embeddable":true,"href":"https:\/\/clauberg.tools\/pt-pt\/wp-json\/wp\/v2\/product_brand?post=20684"},{"taxonomy":"product_cat","embeddable":true,"href":"https:\/\/clauberg.tools\/pt-pt\/wp-json\/wp\/v2\/product_cat?post=20684"},{"taxonomy":"product_tag","embeddable":true,"href":"https:\/\/clauberg.tools\/pt-pt\/wp-json\/wp\/v2\/product_tag?post=20684"}],"curies":[{"name":"wp","href":"https:\/\/api.w.org\/{rel}","templated":true}]}}