{"id":20676,"date":"2019-05-21T20:54:05","date_gmt":"2019-05-21T20:54:05","guid":{"rendered":"https:\/\/clauberg.tools\/product\/faca-de-colheita-de-espargos-spa-500-k\/"},"modified":"2019-05-21T20:54:05","modified_gmt":"2019-05-21T20:54:05","slug":"spa-500-k-asparagus-harvesting-knife-2","status":"publish","type":"product","link":"https:\/\/clauberg.tools\/pt-pt\/produto\/spa-500-k-asparagus-harvesting-knife-2","title":{"rendered":"Faca de colheita de espargos SPA 500 K"},"content":{"rendered":"<p>https:\/\/clauberg.tools\/?post_type=product&#038;p=6608<\/p>\n","protected":false},"excerpt":{"rendered":"<p>SPA 500 K &#8211; Faca de colheita de espargos.<\/p>\n<p>Faca de colheita de espargos forjada a quente.<br \/>\nA\u00e7o-carbono temperado.<br \/>\nPega de pl\u00e1stico amarelo antiderrapante, refor\u00e7ada com fibra de vidro.<br \/>\nEixo: \u00d8 10 mm.<br \/>\nInclina\u00e7\u00e3o da l\u00e2mina: 17\u00ba.<br \/>\nLargura da l\u00e2mina: 29 mm.<br \/>\nComprimento total: 525 mm.<br \/>\nPeso: 390 g.<\/p>\n","protected":false},"featured_media":5098,"comment_status":"closed","ping_status":"closed","template":"","meta":[],"product_brand":[],"product_cat":[891],"product_tag":[],"class_list":{"0":"post-20676","1":"product","2":"type-product","3":"status-publish","4":"has-post-thumbnail","6":"product_cat-ferramentas-e-facas-para-a-colheita-de-espargos","8":"first","9":"instock","10":"shipping-taxable","11":"product-type-simple"},"_links":{"self":[{"href":"https:\/\/clauberg.tools\/pt-pt\/wp-json\/wp\/v2\/product\/20676","targetHints":{"allow":["GET"]}}],"collection":[{"href":"https:\/\/clauberg.tools\/pt-pt\/wp-json\/wp\/v2\/product"}],"about":[{"href":"https:\/\/clauberg.tools\/pt-pt\/wp-json\/wp\/v2\/types\/product"}],"replies":[{"embeddable":true,"href":"https:\/\/clauberg.tools\/pt-pt\/wp-json\/wp\/v2\/comments?post=20676"}],"version-history":[{"count":0,"href":"https:\/\/clauberg.tools\/pt-pt\/wp-json\/wp\/v2\/product\/20676\/revisions"}],"wp:featuredmedia":[{"embeddable":true,"href":"https:\/\/clauberg.tools\/pt-pt\/wp-json\/wp\/v2\/media\/5098"}],"wp:attachment":[{"href":"https:\/\/clauberg.tools\/pt-pt\/wp-json\/wp\/v2\/media?parent=20676"}],"wp:term":[{"taxonomy":"product_brand","embeddable":true,"href":"https:\/\/clauberg.tools\/pt-pt\/wp-json\/wp\/v2\/product_brand?post=20676"},{"taxonomy":"product_cat","embeddable":true,"href":"https:\/\/clauberg.tools\/pt-pt\/wp-json\/wp\/v2\/product_cat?post=20676"},{"taxonomy":"product_tag","embeddable":true,"href":"https:\/\/clauberg.tools\/pt-pt\/wp-json\/wp\/v2\/product_tag?post=20676"}],"curies":[{"name":"wp","href":"https:\/\/api.w.org\/{rel}","templated":true}]}}