{"id":20648,"date":"2019-05-21T20:53:59","date_gmt":"2019-05-21T20:53:59","guid":{"rendered":"https:\/\/clauberg.tools\/product\/spa-691-faca-de-colheita-de-espargos\/"},"modified":"2019-05-21T20:53:59","modified_gmt":"2019-05-21T20:53:59","slug":"spa-691-aspargo-faca-de-colheita-2","status":"publish","type":"product","link":"https:\/\/clauberg.tools\/pt-pt\/produto\/spa-691-aspargo-faca-de-colheita-2","title":{"rendered":"SPA 691 Faca de colheita de espargos"},"content":{"rendered":"<p>https:\/\/clauberg.tools\/?post_type=product&#038;p=6604<\/p>\n","protected":false},"excerpt":{"rendered":"<p>SPA 691 &#8211; Faca de colheita de espargos.<\/p>\n<p>Fabricado em a\u00e7o cromado inoxid\u00e1vel martens\u00edtico.<br \/>\nNOVO 2014: facas de colheita de espargos endurecidas pelo gelo &#8211; extra duras e resistentes.<br \/>\nPega de pl\u00e1stico amarelo antiderrapante, refor\u00e7ada com fibra de vidro.<br \/>\nEixo: 18 x 5 mm.<br \/>\nInclina\u00e7\u00e3o da l\u00e2mina: 20\u00ba.<br \/>\nLargura da l\u00e2mina: 32 mm.<br \/>\nComprimento total: 485 mm.<br \/>\nPeso: 350 g.<\/p>\n","protected":false},"featured_media":5104,"comment_status":"closed","ping_status":"closed","template":"","meta":[],"product_brand":[],"product_cat":[891],"product_tag":[],"class_list":{"0":"post-20648","1":"product","2":"type-product","3":"status-publish","4":"has-post-thumbnail","6":"product_cat-ferramentas-e-facas-para-a-colheita-de-espargos","8":"first","9":"instock","10":"shipping-taxable","11":"product-type-simple"},"_links":{"self":[{"href":"https:\/\/clauberg.tools\/pt-pt\/wp-json\/wp\/v2\/product\/20648","targetHints":{"allow":["GET"]}}],"collection":[{"href":"https:\/\/clauberg.tools\/pt-pt\/wp-json\/wp\/v2\/product"}],"about":[{"href":"https:\/\/clauberg.tools\/pt-pt\/wp-json\/wp\/v2\/types\/product"}],"replies":[{"embeddable":true,"href":"https:\/\/clauberg.tools\/pt-pt\/wp-json\/wp\/v2\/comments?post=20648"}],"version-history":[{"count":0,"href":"https:\/\/clauberg.tools\/pt-pt\/wp-json\/wp\/v2\/product\/20648\/revisions"}],"wp:featuredmedia":[{"embeddable":true,"href":"https:\/\/clauberg.tools\/pt-pt\/wp-json\/wp\/v2\/media\/5104"}],"wp:attachment":[{"href":"https:\/\/clauberg.tools\/pt-pt\/wp-json\/wp\/v2\/media?parent=20648"}],"wp:term":[{"taxonomy":"product_brand","embeddable":true,"href":"https:\/\/clauberg.tools\/pt-pt\/wp-json\/wp\/v2\/product_brand?post=20648"},{"taxonomy":"product_cat","embeddable":true,"href":"https:\/\/clauberg.tools\/pt-pt\/wp-json\/wp\/v2\/product_cat?post=20648"},{"taxonomy":"product_tag","embeddable":true,"href":"https:\/\/clauberg.tools\/pt-pt\/wp-json\/wp\/v2\/product_tag?post=20648"}],"curies":[{"name":"wp","href":"https:\/\/api.w.org\/{rel}","templated":true}]}}