{"id":20643,"date":"2019-05-21T20:54:12","date_gmt":"2019-05-21T20:54:12","guid":{"rendered":"https:\/\/clauberg.tools\/product\/f-88x-alicate-para-formar-ganchos-de-caleira\/"},"modified":"2019-05-21T20:54:12","modified_gmt":"2019-05-21T20:54:12","slug":"f-88x-alicate-de-moldagem-de-ganchos-para-caleiras-2","status":"publish","type":"product","link":"https:\/\/clauberg.tools\/pt-pt\/produto\/f-88x-alicate-de-moldagem-de-ganchos-para-caleiras-2","title":{"rendered":"F 88x Alicate para formar ganchos de caleira"},"content":{"rendered":"<p>https:\/\/clauberg.tools\/?post_type=product&#038;p=6605<\/p>\n","protected":false},"excerpt":{"rendered":"<p>Alicate para formar ganchos de caleira.<\/p>\n<p>Para ganchos de caleira at\u00e9 40 x 8mm.<br \/>\nCabe\u00e7a do alicate em ferro fundido nodular, zincada.<br \/>\nFenda do suporte com 10 mm de largura.<br \/>\nCom rolo deslizante e parafuso de regula\u00e7\u00e3o.<br \/>\nBra\u00e7os em tubo de a\u00e7o revestido a p\u00f3 preto.<br \/>\nPegas em PVC antiderrapantes.<\/p>\n","protected":false},"featured_media":5073,"comment_status":"closed","ping_status":"closed","template":"","meta":[],"product_brand":[],"product_cat":[875],"product_tag":[],"class_list":{"0":"post-20643","1":"product","2":"type-product","3":"status-publish","4":"has-post-thumbnail","6":"product_cat-ferramentas-para-telhados","8":"first","9":"instock","10":"shipping-taxable","11":"product-type-simple"},"_links":{"self":[{"href":"https:\/\/clauberg.tools\/pt-pt\/wp-json\/wp\/v2\/product\/20643","targetHints":{"allow":["GET"]}}],"collection":[{"href":"https:\/\/clauberg.tools\/pt-pt\/wp-json\/wp\/v2\/product"}],"about":[{"href":"https:\/\/clauberg.tools\/pt-pt\/wp-json\/wp\/v2\/types\/product"}],"replies":[{"embeddable":true,"href":"https:\/\/clauberg.tools\/pt-pt\/wp-json\/wp\/v2\/comments?post=20643"}],"version-history":[{"count":0,"href":"https:\/\/clauberg.tools\/pt-pt\/wp-json\/wp\/v2\/product\/20643\/revisions"}],"wp:featuredmedia":[{"embeddable":true,"href":"https:\/\/clauberg.tools\/pt-pt\/wp-json\/wp\/v2\/media\/5073"}],"wp:attachment":[{"href":"https:\/\/clauberg.tools\/pt-pt\/wp-json\/wp\/v2\/media?parent=20643"}],"wp:term":[{"taxonomy":"product_brand","embeddable":true,"href":"https:\/\/clauberg.tools\/pt-pt\/wp-json\/wp\/v2\/product_brand?post=20643"},{"taxonomy":"product_cat","embeddable":true,"href":"https:\/\/clauberg.tools\/pt-pt\/wp-json\/wp\/v2\/product_cat?post=20643"},{"taxonomy":"product_tag","embeddable":true,"href":"https:\/\/clauberg.tools\/pt-pt\/wp-json\/wp\/v2\/product_tag?post=20643"}],"curies":[{"name":"wp","href":"https:\/\/api.w.org\/{rel}","templated":true}]}}