{"id":20641,"date":"2019-05-22T09:51:54","date_gmt":"2019-05-22T09:51:54","guid":{"rendered":"https:\/\/clauberg.tools\/product\/f-950-cortador-de-ardosia\/"},"modified":"2019-05-22T09:51:54","modified_gmt":"2019-05-22T09:51:54","slug":"f-950-cortador-de-ardosia-2","status":"publish","type":"product","link":"https:\/\/clauberg.tools\/pt-pt\/produto\/f-950-cortador-de-ardosia-2","title":{"rendered":"F 950 Cortador de ard\u00f3sia"},"content":{"rendered":"<p>https:\/\/clauberg.tools\/?post_type=product&#038;p=6628<\/p>\n","protected":false},"excerpt":{"rendered":"<p>F 950 Cortador de ard\u00f3sia para cortar e moldar ard\u00f3sia natural at\u00e9 7 mm.<\/p>\n<p>Corta sem p\u00f3 ou esfarelamento.<br \/>\nMatriz e l\u00e2mina intercambi\u00e1veis.<br \/>\nMatriz e l\u00e2mina em a\u00e7o-carbono temperado.<br \/>\nRestaurar a primavera.<br \/>\nPegas ergom\u00e9tricas 2-K.<\/p>\n","protected":false},"featured_media":5001,"comment_status":"closed","ping_status":"closed","template":"","meta":[],"product_brand":[],"product_cat":[851],"product_tag":[],"class_list":{"0":"post-20641","1":"product","2":"type-product","3":"status-publish","4":"has-post-thumbnail","6":"product_cat-ferramentas-para-ardosia","8":"first","9":"instock","10":"shipping-taxable","11":"product-type-simple"},"_links":{"self":[{"href":"https:\/\/clauberg.tools\/pt-pt\/wp-json\/wp\/v2\/product\/20641","targetHints":{"allow":["GET"]}}],"collection":[{"href":"https:\/\/clauberg.tools\/pt-pt\/wp-json\/wp\/v2\/product"}],"about":[{"href":"https:\/\/clauberg.tools\/pt-pt\/wp-json\/wp\/v2\/types\/product"}],"replies":[{"embeddable":true,"href":"https:\/\/clauberg.tools\/pt-pt\/wp-json\/wp\/v2\/comments?post=20641"}],"version-history":[{"count":0,"href":"https:\/\/clauberg.tools\/pt-pt\/wp-json\/wp\/v2\/product\/20641\/revisions"}],"wp:featuredmedia":[{"embeddable":true,"href":"https:\/\/clauberg.tools\/pt-pt\/wp-json\/wp\/v2\/media\/5001"}],"wp:attachment":[{"href":"https:\/\/clauberg.tools\/pt-pt\/wp-json\/wp\/v2\/media?parent=20641"}],"wp:term":[{"taxonomy":"product_brand","embeddable":true,"href":"https:\/\/clauberg.tools\/pt-pt\/wp-json\/wp\/v2\/product_brand?post=20641"},{"taxonomy":"product_cat","embeddable":true,"href":"https:\/\/clauberg.tools\/pt-pt\/wp-json\/wp\/v2\/product_cat?post=20641"},{"taxonomy":"product_tag","embeddable":true,"href":"https:\/\/clauberg.tools\/pt-pt\/wp-json\/wp\/v2\/product_tag?post=20641"}],"curies":[{"name":"wp","href":"https:\/\/api.w.org\/{rel}","templated":true}]}}