{"id":20542,"date":"2019-05-22T10:35:02","date_gmt":"2019-05-22T10:35:02","guid":{"rendered":"https:\/\/clauberg.tools\/product\/f-905-profile-alicate-de-fixacao-de-seccoes\/"},"modified":"2019-05-22T10:35:02","modified_gmt":"2019-05-22T10:35:02","slug":"f-905-alicates-de-fixacao-de-seccoes-de-perfil","status":"publish","type":"product","link":"https:\/\/clauberg.tools\/pt-pt\/produto\/f-905-alicates-de-fixacao-de-seccoes-de-perfil","title":{"rendered":"F 905 Profile &#8211; Alicate de fixa\u00e7\u00e3o de sec\u00e7\u00f5es"},"content":{"rendered":"<p>https:\/\/clauberg.tools\/?post_type=product&#038;p=6676<\/p>\n","protected":false},"excerpt":{"rendered":"<p>Perfura\u00e7\u00e3o r\u00e1pida e eficaz para a coloca\u00e7\u00e3o de carris e pregos.<br \/>\nN\u00e3o precisa de parafusos ou rebites.<br \/>\nPun\u00e7\u00e3o e matriz de pun\u00e7\u00e3o substitu\u00edveis, em a\u00e7o-carbono endurecido AISI 1045.<br \/>\nPegas ergom\u00e9tricas 2-K.<br \/>\n5 anos de garantia para a matriz e a placa da matriz.<\/p>\n","protected":false},"featured_media":4454,"comment_status":"closed","ping_status":"closed","template":"","meta":[],"product_brand":[],"product_cat":[881],"product_tag":[],"class_list":{"0":"post-20542","1":"product","2":"type-product","3":"status-publish","4":"has-post-thumbnail","6":"product_cat-ferramentas-para-perfis","8":"first","9":"instock","10":"shipping-taxable","11":"product-type-simple"},"_links":{"self":[{"href":"https:\/\/clauberg.tools\/pt-pt\/wp-json\/wp\/v2\/product\/20542","targetHints":{"allow":["GET"]}}],"collection":[{"href":"https:\/\/clauberg.tools\/pt-pt\/wp-json\/wp\/v2\/product"}],"about":[{"href":"https:\/\/clauberg.tools\/pt-pt\/wp-json\/wp\/v2\/types\/product"}],"replies":[{"embeddable":true,"href":"https:\/\/clauberg.tools\/pt-pt\/wp-json\/wp\/v2\/comments?post=20542"}],"version-history":[{"count":0,"href":"https:\/\/clauberg.tools\/pt-pt\/wp-json\/wp\/v2\/product\/20542\/revisions"}],"wp:featuredmedia":[{"embeddable":true,"href":"https:\/\/clauberg.tools\/pt-pt\/wp-json\/wp\/v2\/media\/4454"}],"wp:attachment":[{"href":"https:\/\/clauberg.tools\/pt-pt\/wp-json\/wp\/v2\/media?parent=20542"}],"wp:term":[{"taxonomy":"product_brand","embeddable":true,"href":"https:\/\/clauberg.tools\/pt-pt\/wp-json\/wp\/v2\/product_brand?post=20542"},{"taxonomy":"product_cat","embeddable":true,"href":"https:\/\/clauberg.tools\/pt-pt\/wp-json\/wp\/v2\/product_cat?post=20542"},{"taxonomy":"product_tag","embeddable":true,"href":"https:\/\/clauberg.tools\/pt-pt\/wp-json\/wp\/v2\/product_tag?post=20542"}],"curies":[{"name":"wp","href":"https:\/\/api.w.org\/{rel}","templated":true}]}}