{"id":20514,"date":"2019-06-23T19:32:32","date_gmt":"2019-06-23T19:32:32","guid":{"rendered":"https:\/\/clauberg.tools\/product\/h-11520500-faca-de-isolamento-copia\/"},"modified":"2019-06-23T19:32:32","modified_gmt":"2019-06-23T19:32:32","slug":"h-11520500-insulation-knife-copy-2","status":"publish","type":"product","link":"https:\/\/clauberg.tools\/pt-pt\/produto\/h-11520500-insulation-knife-copy-2","title":{"rendered":"H 11520500 Faca de isolamento (c\u00f3pia)"},"content":{"rendered":"<p>https:\/\/clauberg.tools\/?post_type=product&#038;p=6537<\/p>\n","protected":false},"excerpt":{"rendered":"<p>L\u00e2mina de a\u00e7o inoxid\u00e1vel de corte duplo.<br \/>\nComprimento da l\u00e2mina 480 mm.<br \/>\nBorda ondulada para materiais macios.<br \/>\nBorda recortada para materiais duros.<br \/>\nCabo de madeira maci\u00e7a com prote\u00e7\u00e3o dupla para os dedos.<br \/>\nPega fixada com rebites.<br \/>\nPeso: 240g.<\/p>\n","protected":false},"featured_media":6151,"comment_status":"closed","ping_status":"closed","template":"","meta":[],"product_brand":[],"product_cat":[872],"product_tag":[],"class_list":{"0":"post-20514","1":"product","2":"type-product","3":"status-publish","4":"has-post-thumbnail","6":"product_cat-ferramentas-para-corte-de-material-isolante","8":"first","9":"instock","10":"shipping-taxable","11":"product-type-simple"},"_links":{"self":[{"href":"https:\/\/clauberg.tools\/pt-pt\/wp-json\/wp\/v2\/product\/20514","targetHints":{"allow":["GET"]}}],"collection":[{"href":"https:\/\/clauberg.tools\/pt-pt\/wp-json\/wp\/v2\/product"}],"about":[{"href":"https:\/\/clauberg.tools\/pt-pt\/wp-json\/wp\/v2\/types\/product"}],"replies":[{"embeddable":true,"href":"https:\/\/clauberg.tools\/pt-pt\/wp-json\/wp\/v2\/comments?post=20514"}],"version-history":[{"count":0,"href":"https:\/\/clauberg.tools\/pt-pt\/wp-json\/wp\/v2\/product\/20514\/revisions"}],"wp:featuredmedia":[{"embeddable":true,"href":"https:\/\/clauberg.tools\/pt-pt\/wp-json\/wp\/v2\/media\/6151"}],"wp:attachment":[{"href":"https:\/\/clauberg.tools\/pt-pt\/wp-json\/wp\/v2\/media?parent=20514"}],"wp:term":[{"taxonomy":"product_brand","embeddable":true,"href":"https:\/\/clauberg.tools\/pt-pt\/wp-json\/wp\/v2\/product_brand?post=20514"},{"taxonomy":"product_cat","embeddable":true,"href":"https:\/\/clauberg.tools\/pt-pt\/wp-json\/wp\/v2\/product_cat?post=20514"},{"taxonomy":"product_tag","embeddable":true,"href":"https:\/\/clauberg.tools\/pt-pt\/wp-json\/wp\/v2\/product_tag?post=20514"}],"curies":[{"name":"wp","href":"https:\/\/api.w.org\/{rel}","templated":true}]}}