{"id":20504,"date":"2019-06-23T19:36:53","date_gmt":"2019-06-23T19:36:53","guid":{"rendered":"https:\/\/clauberg.tools\/product\/h-1103016-faca-universal\/"},"modified":"2019-06-23T19:36:53","modified_gmt":"2019-06-23T19:36:53","slug":"h-1103016-universal-knife-copy-3","status":"publish","type":"product","link":"https:\/\/clauberg.tools\/pt-pt\/produto\/h-1103016-universal-knife-copy-3","title":{"rendered":"H 1103016 Faca universal"},"content":{"rendered":"<p>https:\/\/clauberg.tools\/?post_type=product&#038;p=6525<\/p>\n","protected":false},"excerpt":{"rendered":"<p>Faca de isolamento.<br \/>\nL\u00e2mina em a\u00e7o inoxid\u00e1vel.<br \/>\nComprimento da l\u00e2mina 150 mm.<br \/>\nPega de madeira maci\u00e7a, fixada com rebites.<br \/>\nPeso: 70g.<\/p>\n","protected":false},"featured_media":6191,"comment_status":"closed","ping_status":"closed","template":"","meta":[],"product_brand":[],"product_cat":[872],"product_tag":[],"class_list":{"0":"post-20504","1":"product","2":"type-product","3":"status-publish","4":"has-post-thumbnail","6":"product_cat-ferramentas-para-corte-de-material-isolante","8":"first","9":"instock","10":"shipping-taxable","11":"product-type-simple"},"_links":{"self":[{"href":"https:\/\/clauberg.tools\/pt-pt\/wp-json\/wp\/v2\/product\/20504","targetHints":{"allow":["GET"]}}],"collection":[{"href":"https:\/\/clauberg.tools\/pt-pt\/wp-json\/wp\/v2\/product"}],"about":[{"href":"https:\/\/clauberg.tools\/pt-pt\/wp-json\/wp\/v2\/types\/product"}],"replies":[{"embeddable":true,"href":"https:\/\/clauberg.tools\/pt-pt\/wp-json\/wp\/v2\/comments?post=20504"}],"version-history":[{"count":0,"href":"https:\/\/clauberg.tools\/pt-pt\/wp-json\/wp\/v2\/product\/20504\/revisions"}],"wp:featuredmedia":[{"embeddable":true,"href":"https:\/\/clauberg.tools\/pt-pt\/wp-json\/wp\/v2\/media\/6191"}],"wp:attachment":[{"href":"https:\/\/clauberg.tools\/pt-pt\/wp-json\/wp\/v2\/media?parent=20504"}],"wp:term":[{"taxonomy":"product_brand","embeddable":true,"href":"https:\/\/clauberg.tools\/pt-pt\/wp-json\/wp\/v2\/product_brand?post=20504"},{"taxonomy":"product_cat","embeddable":true,"href":"https:\/\/clauberg.tools\/pt-pt\/wp-json\/wp\/v2\/product_cat?post=20504"},{"taxonomy":"product_tag","embeddable":true,"href":"https:\/\/clauberg.tools\/pt-pt\/wp-json\/wp\/v2\/product_tag?post=20504"}],"curies":[{"name":"wp","href":"https:\/\/api.w.org\/{rel}","templated":true}]}}