{"id":20492,"date":"2019-06-23T19:36:51","date_gmt":"2019-06-23T19:36:51","guid":{"rendered":"https:\/\/clauberg.tools\/product\/h-11512073-faca-de-isolamento-copia\/"},"modified":"2019-06-23T19:36:51","modified_gmt":"2019-06-23T19:36:51","slug":"h-11512073-insulation-knife-copy-3","status":"publish","type":"product","link":"https:\/\/clauberg.tools\/pt-pt\/produto\/h-11512073-insulation-knife-copy-3","title":{"rendered":"H 11512073 Faca de isolamento (c\u00f3pia)"},"content":{"rendered":"<p>https:\/\/clauberg.tools\/?post_type=product&#038;p=6527<\/p>\n","protected":false},"excerpt":{"rendered":"<p>A faca de isolamento para o especialista.<br \/>\nL\u00e2mina de a\u00e7o inoxid\u00e1vel de corte \u00fanico.<br \/>\nComprimento da l\u00e2mina 200 mm.<br \/>\nUma faca muito dur\u00e1vel com uma espessura de l\u00e2mina de 3 mm.<br \/>\nPega de madeira, fixada com rebites.<br \/>\nPeso: 125g.<\/p>\n","protected":false},"featured_media":6181,"comment_status":"closed","ping_status":"closed","template":"","meta":[],"product_brand":[],"product_cat":[872],"product_tag":[],"class_list":{"0":"post-20492","1":"product","2":"type-product","3":"status-publish","4":"has-post-thumbnail","6":"product_cat-ferramentas-para-corte-de-material-isolante","8":"first","9":"instock","10":"shipping-taxable","11":"product-type-simple"},"_links":{"self":[{"href":"https:\/\/clauberg.tools\/pt-pt\/wp-json\/wp\/v2\/product\/20492","targetHints":{"allow":["GET"]}}],"collection":[{"href":"https:\/\/clauberg.tools\/pt-pt\/wp-json\/wp\/v2\/product"}],"about":[{"href":"https:\/\/clauberg.tools\/pt-pt\/wp-json\/wp\/v2\/types\/product"}],"replies":[{"embeddable":true,"href":"https:\/\/clauberg.tools\/pt-pt\/wp-json\/wp\/v2\/comments?post=20492"}],"version-history":[{"count":0,"href":"https:\/\/clauberg.tools\/pt-pt\/wp-json\/wp\/v2\/product\/20492\/revisions"}],"wp:featuredmedia":[{"embeddable":true,"href":"https:\/\/clauberg.tools\/pt-pt\/wp-json\/wp\/v2\/media\/6181"}],"wp:attachment":[{"href":"https:\/\/clauberg.tools\/pt-pt\/wp-json\/wp\/v2\/media?parent=20492"}],"wp:term":[{"taxonomy":"product_brand","embeddable":true,"href":"https:\/\/clauberg.tools\/pt-pt\/wp-json\/wp\/v2\/product_brand?post=20492"},{"taxonomy":"product_cat","embeddable":true,"href":"https:\/\/clauberg.tools\/pt-pt\/wp-json\/wp\/v2\/product_cat?post=20492"},{"taxonomy":"product_tag","embeddable":true,"href":"https:\/\/clauberg.tools\/pt-pt\/wp-json\/wp\/v2\/product_tag?post=20492"}],"curies":[{"name":"wp","href":"https:\/\/api.w.org\/{rel}","templated":true}]}}