{"id":20482,"date":"2019-06-23T19:35:39","date_gmt":"2019-06-23T19:35:39","guid":{"rendered":"https:\/\/clauberg.tools\/product\/h-11401036-faca-de-isolamento\/"},"modified":"2019-06-23T19:35:39","modified_gmt":"2019-06-23T19:35:39","slug":"h-11401036-insulation-knife-copy-3","status":"publish","type":"product","link":"https:\/\/clauberg.tools\/pt-pt\/produto\/h-11401036-insulation-knife-copy-3","title":{"rendered":"H 11401036 Faca de isolamento"},"content":{"rendered":"<p>https:\/\/clauberg.tools\/?post_type=product&#038;p=6535<\/p>\n","protected":false},"excerpt":{"rendered":"<p>A faca de isolamento para o especialista.<br \/>\nL\u00e2mina de gume oco com caracter\u00edsticas de corte especialmente duradouras.<br \/>\nL\u00e2mina em a\u00e7o inoxid\u00e1vel de gume oco.<br \/>\nAdequado para utiliza\u00e7\u00e3o em l\u00e3 de vidro espessa.<br \/>\nComprimento da l\u00e2mina 360 mm.<br \/>\nFaca com uma espessura de l\u00e2mina de 1,6 mm.<br \/>\nPega de pl\u00e1stico.<br \/>\nPeso: 180g.<\/p>\n","protected":false},"featured_media":6161,"comment_status":"closed","ping_status":"closed","template":"","meta":[],"product_brand":[],"product_cat":[872],"product_tag":[],"class_list":{"0":"post-20482","1":"product","2":"type-product","3":"status-publish","4":"has-post-thumbnail","6":"product_cat-ferramentas-para-corte-de-material-isolante","8":"first","9":"instock","10":"shipping-taxable","11":"product-type-simple"},"_links":{"self":[{"href":"https:\/\/clauberg.tools\/pt-pt\/wp-json\/wp\/v2\/product\/20482","targetHints":{"allow":["GET"]}}],"collection":[{"href":"https:\/\/clauberg.tools\/pt-pt\/wp-json\/wp\/v2\/product"}],"about":[{"href":"https:\/\/clauberg.tools\/pt-pt\/wp-json\/wp\/v2\/types\/product"}],"replies":[{"embeddable":true,"href":"https:\/\/clauberg.tools\/pt-pt\/wp-json\/wp\/v2\/comments?post=20482"}],"version-history":[{"count":0,"href":"https:\/\/clauberg.tools\/pt-pt\/wp-json\/wp\/v2\/product\/20482\/revisions"}],"wp:featuredmedia":[{"embeddable":true,"href":"https:\/\/clauberg.tools\/pt-pt\/wp-json\/wp\/v2\/media\/6161"}],"wp:attachment":[{"href":"https:\/\/clauberg.tools\/pt-pt\/wp-json\/wp\/v2\/media?parent=20482"}],"wp:term":[{"taxonomy":"product_brand","embeddable":true,"href":"https:\/\/clauberg.tools\/pt-pt\/wp-json\/wp\/v2\/product_brand?post=20482"},{"taxonomy":"product_cat","embeddable":true,"href":"https:\/\/clauberg.tools\/pt-pt\/wp-json\/wp\/v2\/product_cat?post=20482"},{"taxonomy":"product_tag","embeddable":true,"href":"https:\/\/clauberg.tools\/pt-pt\/wp-json\/wp\/v2\/product_tag?post=20482"}],"curies":[{"name":"wp","href":"https:\/\/api.w.org\/{rel}","templated":true}]}}