{"id":21610,"date":"2025-06-23T06:32:07","date_gmt":"2025-06-23T06:32:07","guid":{"rendered":"https:\/\/clauberg.tools\/informacoes-de-seguranca"},"modified":"2025-06-23T06:54:27","modified_gmt":"2025-06-23T06:54:27","slug":"informacoes-de-seguranca","status":"publish","type":"page","link":"https:\/\/clauberg.tools\/pt-pt\/informacoes-de-seguranca","title":{"rendered":"Informa\u00e7\u00f5es de seguran\u00e7a"},"content":{"rendered":"\n<h1 class=\"wp-block-heading\">Instru\u00e7\u00f5es de aviso e seguran\u00e7a para ferramentas manuais<\/h1>\n\n<p>Clauberg &amp; Filhos Lda. garante a melhor qualidade poss\u00edvel das suas ferramentas manuais.<br\/>No entanto, cada utilizador deve seguir algumas regras para evitar danos e garantir que as ferramentas manuais sejam utilizadas durante o maior tempo poss\u00edvel.<br\/>Aqui encontrar\u00e1 os avisos e instru\u00e7\u00f5es de seguran\u00e7a mais importantes para a utiliza\u00e7\u00e3o de ferramentas manuais.<\/p>\n\n<ul class=\"wp-block-list\">\n<li>As ferramentas manuais devem estar sempre em perfeito estado de funcionamento para<br\/>evitar limita\u00e7\u00f5es funcionais.<\/li>\n\n\n\n<li>Antes de cada utiliza\u00e7\u00e3o, verifique se a ferramenta manual apresenta algum defeito evidente.<\/li>\n\n\n\n<li>Cada utilizador \u00e9 respons\u00e1vel pela condi\u00e7\u00e3o da ferramenta manual.<\/li>\n\n\n\n<li>Deve garantir a altura de trabalho correta, uma boa estabilidade e liberdade de movimentos suficiente.<\/li>\n\n\n\n<li>Utilize as ferramentas manuais apenas para o fim a que se destinam; o uso indevido pode causar ferimentos.<\/li>\n\n\n\n<li>Qualquer responsabilidade \u00e9 expressamente negada por qualquer utiliza\u00e7\u00e3o indevida das ferramentas manuais.<\/li>\n\n\n\n<li>Devem ser tomadas medidas de prote\u00e7\u00e3o adequadas para todos os trabalhos que possam levar a uma tens\u00e3o excessiva na ferramenta (uso de \u00f3culos de seguran\u00e7a e luvas de trabalho, etc.).<\/li>\n\n\n\n<li>Retire imediatamente de servi\u00e7o as ferramentas danificadas e repare-as corretamente ou substitua-as, se necess\u00e1rio.<\/li>\n\n\n\n<li>Limpe as ferramentas ap\u00f3s a utiliza\u00e7\u00e3o.<\/li>\n\n\n\n<li>Armazene as ferramentas de forma organizada e segura.<\/li>\n<\/ul>\n\n<p><\/p>\n","protected":false},"excerpt":{"rendered":"<p>Instru\u00e7\u00f5es de aviso e seguran\u00e7a para ferramentas manuais Clauberg &amp; Filhos Lda. garante a melhor qualidade poss\u00edvel das suas ferramentas<\/p>\n","protected":false},"author":14,"featured_media":0,"parent":0,"menu_order":0,"comment_status":"closed","ping_status":"closed","template":"","meta":{"footnotes":""},"class_list":["post-21610","page","type-page","status-publish","hentry"],"_links":{"self":[{"href":"https:\/\/clauberg.tools\/pt-pt\/wp-json\/wp\/v2\/pages\/21610","targetHints":{"allow":["GET"]}}],"collection":[{"href":"https:\/\/clauberg.tools\/pt-pt\/wp-json\/wp\/v2\/pages"}],"about":[{"href":"https:\/\/clauberg.tools\/pt-pt\/wp-json\/wp\/v2\/types\/page"}],"author":[{"embeddable":true,"href":"https:\/\/clauberg.tools\/pt-pt\/wp-json\/wp\/v2\/users\/14"}],"replies":[{"embeddable":true,"href":"https:\/\/clauberg.tools\/pt-pt\/wp-json\/wp\/v2\/comments?post=21610"}],"version-history":[{"count":1,"href":"https:\/\/clauberg.tools\/pt-pt\/wp-json\/wp\/v2\/pages\/21610\/revisions"}],"predecessor-version":[{"id":21611,"href":"https:\/\/clauberg.tools\/pt-pt\/wp-json\/wp\/v2\/pages\/21610\/revisions\/21611"}],"wp:attachment":[{"href":"https:\/\/clauberg.tools\/pt-pt\/wp-json\/wp\/v2\/media?parent=21610"}],"curies":[{"name":"wp","href":"https:\/\/api.w.org\/{rel}","templated":true}]}}