{"id":20860,"date":"2018-08-20T11:33:38","date_gmt":"2018-08-20T11:33:38","guid":{"rendered":"https:\/\/clauberg.tools\/politica-de-privacidade\/"},"modified":"2023-09-11T08:10:52","modified_gmt":"2023-09-11T08:10:52","slug":"politica-de-privacidade","status":"publish","type":"page","link":"https:\/\/clauberg.tools\/pt-pt\/politica-de-privacidade","title":{"rendered":"Pol\u00edtica de privacidade"},"content":{"rendered":"\n<p><strong>1 &#8211; Introdu\u00e7\u00e3o<\/strong><\/p>\n\n<p>Estamos empenhados no respeito pela privacidade e confidencialidade dos dados<br\/>pessoais que lhe s\u00e3o disponibilizados e por isso nesta Pol\u00edtica de Privacidade encontra informa\u00e7\u00e3o sobre a forma como os mesmos s\u00e3o tratados em conformidade com o Regulamento Geral de Prote\u00e7\u00e3o de Dados. Adopt\u00e1mos medidas administrativas e tecnol\u00f3gicas para cumprir com o novo Regulamento Geral de Prote\u00e7\u00e3o de Dados.<\/p>\n\n<p>A utiliza\u00e7\u00e3o deste website rege-se pelos termos e condi\u00e7\u00f5es a seguir indicados e que o utilizador se obriga a respeitar na \u00edntegra. O utilizador n\u00e3o dever\u00e1 utilizar este website caso n\u00e3o concorde com estes termos e condi\u00e7\u00f5es.<\/p>\n\n<p><strong>2 &#8211; O seu consentimento<\/strong><\/p>\n\n<p>Ao utilizar o nosso website e as nossas plataformas, concorda com a nossa Pol\u00edtica de Privacidade.<\/p>\n\n<p><strong>3 &#8211; Porque tratamos os dados pessoais?<\/strong><\/p>\n\n<p>Os dados pessoais recolhidos destinam-se, fundamentalmente, \u00e0 resposta a pedidos de informa\u00e7\u00e3o e contacto, \u00e0 gest\u00e3o contratual, \u00e0 presta\u00e7\u00e3o dos servi\u00e7os e \u00e0 comunica\u00e7\u00e3o de altera\u00e7\u00f5es aos produtos e servi\u00e7os subscritos, podendo, contudo, com o seu consentimento, ser tamb\u00e9m usados na divulga\u00e7\u00e3o de novos produtos e servi\u00e7os e de not\u00edcias sobre a empresa, na realiza\u00e7\u00e3o de inqu\u00e9ritos de avalia\u00e7\u00e3o e em ac\u00e7\u00f5es de informa\u00e7\u00e3o legalmente obrigat\u00f3rias.<\/p>\n\n<p><strong>4 &#8211; Que dados pessoais s\u00e3o recolhidos?<\/strong><\/p>\n\n<p>Normalmente, os dados pessoais recolhidos limitam-se ao Nome, Morada, N\u00famero de Telefone \/ Telem\u00f3vel, N\u00famero de Contribuinte, Endere\u00e7o de E-mail, mas poder\u00e3o ser recolhidos outros dados necess\u00e1rios ao fornecimento de produtos ou servi\u00e7os.<\/p>\n\n<p>Adicionalmente, quando s\u00e3o realizados envios de emails s\u00e3o recolhidos dados estat\u00edsticos que permitem conhecer o comportamento de cada subscritor face ao email recebido.<\/p>\n\n<p><strong>5 &#8211; Como s\u00e3o recolhidos os dados pessoais?<\/strong><\/p>\n\n<p>Em geral, os dados pessoais s\u00e3o recolhidos aquando da subscri\u00e7\u00e3o de um dos nossos produtos ou servi\u00e7os, sendo que alguns dos dados pessoais s\u00e3o de fornecimento obrigat\u00f3rio para a presta\u00e7\u00e3o do servi\u00e7o.<\/p>\n\n<p>Tamb\u00e9m recolhemos os seus dados quando subscreve o envio de newsletters, para responder \u00e0s suas mensagens e pedidos de informa\u00e7\u00e3o, para analisar e formalizar a sua candidatura a parceiro ou a colaborador, para as opera\u00e7\u00f5es e gest\u00e3o do website, para preven\u00e7\u00e3o de fraudes e para manter um registo dos seus detalhes de contacto.<\/p>\n\n<p>Respeitamos sempre o seu direito \u00e0 privacidade e n\u00e3o recolhemos qualquer informa\u00e7\u00e3o pessoal sobre si sem o seu consentimento pr\u00e9vio e expl\u00edcito. Os seus dados pessoais n\u00e3o ser\u00e3o reutilizados para outras finalidades que sejam previamente identificadas ou que n\u00e3o tenham qualquer rela\u00e7\u00e3o com aquelas finalidades para as quais foram inicialmente recolhidos.<\/p>\n\n<p>Todavia a disponibiliza\u00e7\u00e3o de dados incorretos ou inexatos \u00e9 da sua exclusiva responsabilidade.<\/p>\n\n<p><strong>6 &#8211; Dados de menores<\/strong><\/p>\n\n<p>O website n\u00e3o \u00e9 dirigido a menores de 16 anos, pelo que solicitamos que estes menores n\u00e3o utilizem o website e n\u00e3o nos forne\u00e7am dados pessoais atrav\u00e9s do mesmo.<\/p>\n\n<p><strong>7 &#8211; Dados sens\u00edveis<\/strong><\/p>\n\n<p>Solicitamos de forma expressa, que n\u00e3o nos envie e n\u00e3o nos d\u00ea a conhecer quaisquer dados pessoais sens\u00edveis, ou seja, informa\u00e7\u00f5es que revelem a origem racial ou \u00e9tnica, opini\u00f5es pol\u00edticas, cren\u00e7as religiosas ou filos\u00f3ficas, associa\u00e7\u00e3o sindical, informa\u00e7\u00f5es gen\u00e9ticas, informa\u00e7\u00f5es biom\u00e9tricas, dados relativos \u00e0 sa\u00fade ou dados relativos a vida sexual de uma pessoa natural ou a orienta\u00e7\u00e3o sexual. Esses dados pessoais ser\u00e3o imediatamente apagados.<\/p>\n\n<p><strong>8 &#8211; Qual o per\u00edodo de conserva\u00e7\u00e3o de dados pessoais?<\/strong><\/p>\n\n<p>Cabe-nos referir que os dados pessoais que nos fornece ser\u00e3o conservados at\u00e9 um per\u00edodo m\u00e1ximo de dez anos.<br\/>No entanto, em determinados casos poderemos conservar os dados durante per\u00edodos mais longos, nomeadamente quando a Lei assim o impuser.<\/p>\n\n<p><strong>9 &#8211; Direito de acesso, retifica\u00e7\u00e3o e atualiza\u00e7\u00e3o de dados<\/strong><\/p>\n\n<p>Nos termos da legisla\u00e7\u00e3o aplic\u00e1vel, \u00e9-lhe garantido, na qualidade de titular dos dados, o direito, a qualquer momento, de aceder aos seus dados pessoais, solicitar a sua retifica\u00e7\u00e3o ou aditamento, opor-se ao tratamento dos dados, com exce\u00e7\u00e3o dos estritamente necess\u00e1rios \u00e0 presta\u00e7\u00e3o do servi\u00e7o e\/ou solicitar a portabilidade dos dados, requerer a elimina\u00e7\u00e3o dos seus dados para fins de marketing ou telemarketing ou inclus\u00e3o em listas de assinantes e servi\u00e7os informativos.<\/p>\n\n<p>Poder\u00e1 requerer qualquer uma das ac\u00e7\u00f5es acima mencionadas atrav\u00e9s da nossa p\u00e1gina de contactos presente no website, utilizando o meio mais conveniente e acess\u00edvel \u00e0s suas necessidades, estabelecendo comunica\u00e7\u00e3o connosco atrav\u00e9s da nossa morada, telefone ou e-mail presentes no link:<\/p>\n\n<p>Contactos<\/p>\n\n<p>Caso nos solicite a elimina\u00e7\u00e3o de alguns dos seus dados pessoais ou da sua totalidade, alguns dos servi\u00e7os solicitados poder\u00e3o n\u00e3o lhe ser prestados, conservando os dados pessoais necess\u00e1rios para o cumprimento das suas obriga\u00e7\u00f5es legais.<\/p>\n\n<p>Reservamos o direito de solicitar acesso a elementos identificativos do autor do pedido em ordem a comprovar a respectiva identidade.<\/p>\n\n<p><strong>10 &#8211; Divulga\u00e7\u00e3o de informa\u00e7\u00e3o a terceiros<\/strong><\/p>\n\n<p>N\u00e3o vendemos ou comercializamos os seus dados.<\/p>\n\n<p>No \u00e2mbito da sua atividade, poderemos recorrer a terceiros para a presta\u00e7\u00e3o de determinados servi\u00e7os, o que poder\u00e1 implicar o acesso, por estas entidades, a dados pessoais dos nossos utilizadores e clientes. Quando tal sucede, tomamos todas as precau\u00e7\u00f5es adequadas, impondo contratualmente a estas entidades que ponham em pr\u00e1tica as medidas t\u00e9cnicas e organizacionais adequadas para obstar a qualquer tratamento il\u00edcito dos dados e para assegurar a sua disponibilidade, integridade e confidencialidade.<\/p>\n\n<p>Os dados pessoais tamb\u00e9m poder\u00e3o ser disponibilizados aos tribunais e \u00e0s demais autoridades competentes, no estrito cumprimento do disposto na lei, designadamente quando se revelem necess\u00e1rios para a resolu\u00e7\u00e3o de lit\u00edgios relativos \u00e0 fatura\u00e7\u00e3o e para atividades relativas \u00e0 prote\u00e7\u00e3o da seguran\u00e7a p\u00fablica, da defesa e seguran\u00e7a do Estado e \u00e0 preven\u00e7\u00e3o, investiga\u00e7\u00e3o ou dete\u00e7\u00e3o de il\u00edcitos criminais.<\/p>\n\n<p><strong>11 &#8211; Seguran\u00e7a<\/strong><\/p>\n\n<p>Assegurar a confidencialidade, integridade e disponibilidade dos dados \u00e9 um compromisso que assumimos para com todos os nossos clientes e utilizadores.<\/p>\n\n<p>Nesse sentido seguimos as melhores pr\u00e1ticas de gest\u00e3o de seguran\u00e7a da informa\u00e7\u00e3o, exigindo aos nossos colaboradores o cumprimento estrito das rigorosas normas, asseguramento da seguran\u00e7a dos dados pessoais que nos sejam comunicados, n\u00e3o podendo utilizar tais dados para quaisquer outras finalidades que n\u00e3o as definidas no contrato, nem correlacion\u00e1-los com outros dados que se encontrem na sua disponibilidade.<\/p>\n\n<p>Alertamos para o facto de os dados que circulam na Internet n\u00e3o estarem totalmente protegidos contra desvios eventuais, sendo a comunica\u00e7\u00e3o de senhas de acesso, passwords, c\u00f3digos confidenciais e de qualquer informa\u00e7\u00e3o sens\u00edvel efetuada sob a sua inteira responsabilidade.<\/p>\n\n<p><strong>12 &#8211; Bolachas<\/strong><\/p>\n\n<p>Utilizamos cookies neste website. Um cookie \u00e9 um pequeno arquivo de texto que identifica o seu computador no nosso servidor. Os cookies em si n\u00e3o identificam o utilizador individual, apenas o computador utilizado. Os cookies n\u00e3o s\u00e3o usados para recolher informa\u00e7\u00f5es pessoais.<\/p>\n\n<p>Este website utiliza cookies que servem para ajudar a determinar a utilidade, interesse e o n\u00famero de acessos ao website, permitindo uma navega\u00e7\u00e3o mais r\u00e1pida e eficiente do mesmo, eliminando a necessidade de introduzir repetidamente as mesmas informa\u00e7\u00f5es.<\/p>\n\n<p>A utiliza\u00e7\u00e3o de cookies por este s\u00edtio pressupor\u00e1 sempre o seu pr\u00e9vio consentimento.<\/p>\n\n<p>Os cookies que utilizamos:<\/p>\n\n<p>PHPSESSID: cookie que permite ao website responder a qualquer a\u00e7\u00e3o que o Utilizador executa no website, tal como completar um formul\u00e1rio de inqu\u00e9rito. O s\u00edtio Web n\u00e3o funciona corretamente se este cookie n\u00e3o for utilizado.<\/p>\n\n<p>xms_user: cookie utilizado pelos utilizadores do backoffice. O site funciona corretamente se este cookie n\u00e3o for utilizado.<\/p>\n\n<p><strong>utma, __utmb, __utmc, __utmz: Os cookies<\/strong> utmz come\u00e7ando &#8220;__utm&#8221; permitem a fun\u00e7\u00e3o do software de an\u00e1lise (analytics). Este software ajuda a analisar os visitantes do website e fornecer informa\u00e7\u00f5es an\u00f3nimas, como navegadores utilizados, visitantes de retorno e de resposta \u00e0s atividades de marketing.<\/p>\n\n<p>__atuvc: O cookie _atuvc \u00e9 criado e lido pelo JavaScript do website que permite a partilha de conte\u00fados em redes sociais &#8220;AddThis&#8221;.<\/p>\n\n<p>Todos os browsers permitem ao Utilizador aceitar, recusar ou apagar cookies, nomeadamente atrav\u00e9s da sele\u00e7\u00e3o das defini\u00e7\u00f5es apropriadas no respetivo navegador. Pode configurar os cookies no menu &#8220;configura\u00e7\u00f5es&#8221; ou &#8220;prefer\u00eancias&#8221; do seu browser. Para saber mais sobre os cookies, incluindo a forma de ver o que os cookies foram criados e como gerenciar e exclu\u00ed-los, visite www.allaboutcookies.org que inclui informa\u00e7\u00f5es sobre como gerir as suas configura\u00e7\u00f5es para os v\u00e1rios fornecedores de navegadores.<br\/>Note-se, no entanto, que, ao desativar cookies, pode afetar, parcial ou totalmente, a sua experi\u00eancia de navega\u00e7\u00e3o no website.<\/p>\n\n<p>Op\u00e7\u00e3o de exclus\u00e3o do navegador do Google Analytics<\/p>\n\n<p>Para disponibilizar aos visitantes uma maior escolha sobre como os seus dados s\u00e3o recolhidos pelo Google Analytics, o Google desenvolveu o Google Analytics Navegador Opt-out Add-on. O add-on comunica com o JavaScript do Google Analytics (ga.js) para indicar que as informa\u00e7\u00f5es sobre a visita do s\u00edtio n\u00e3o devem ser enviadas para o Google Analytics. O Google Analytics Navegador Opt-out extra n\u00e3o impede que as informa\u00e7\u00f5es sejam enviadas para o s\u00edtio em si ou para outros servi\u00e7os da web analytics. Saiba mais sobre o Google Analytics Brower Opt-out extra.<\/p>\n\n<p><strong>13 &#8211; Links para websites terceiros<\/strong><\/p>\n\n<p>Os links constantes deste website podem conduzir a outros websites. N\u00e3o nos responsabilizamos, aprovamos ou por qualquer forma apoiamos ou subscrevemos o conte\u00fado desses websites, nem dos websites com eles ligados ou neles referidos.<\/p>\n\n<p><strong>14 &#8211; Altera\u00e7\u00f5es \u00e0 pol\u00edtica de privacidade<\/strong><\/p>\n\n<p>Reservamo-nos o direito de modificar esta pol\u00edtica de privacidade a qualquer momento, pelo que aconselhamos a sua consulta com regularidade.<\/p>\n\n<p>Todas as mudan\u00e7as entrar\u00e3o em vigor imediatamente ap\u00f3s a sua publica\u00e7\u00e3o no s\u00edtio Web.<\/p>\n\n<p>Se se opuser \u00e0s mudan\u00e7as na nossa pol\u00edtica de privacidade, dever\u00e1 deixar de utilizar os nossos servi\u00e7os, inclusive o s\u00edtio Web.<\/p>\n\n<p><strong>15 &#8211; Disposi\u00e7\u00f5es gerais<\/strong><\/p>\n\n<p>N\u00e3o nos responsabilizamos por danos resultantes de v\u00edrus que possam infetar o computador ou a rede do utilizador, ou outros bens, em virtude do acesso ao nosso website com transfer\u00eancia de conte\u00fados deste para o computador ou rede do utilizador.<\/p>\n\n<p><strong>16 &#8211; Contactos, d\u00favidas e quest\u00f5es<\/strong><\/p>\n\n<p>Se tiver alguma d\u00favida ou quest\u00e3o, ou se desejar atualizar, excluir ou alterar qualquer informa\u00e7\u00e3o pessoal que possuamos relacionada consigo, ou se tiver uma preocupa\u00e7\u00e3o sobre a maneira como lidamos com qualquer quest\u00e3o de privacidade, atrav\u00e9s da nossa p\u00e1gina de contactos presente no website, utilizando o meio mais conveniente e acess\u00edvel \u00e0s suas necessidades, estabelecendo comunica\u00e7\u00e3o connosco atrav\u00e9s da nossa morada, telefone ou e-mail presentes no link:<\/p>\n\n<p><a href=\"https:\/\/clauberg.tools\/pt-pt\/informacoes-de-contacto\/\" data-type=\"link\" data-id=\"https:\/\/clauberg.tools\/contact-information\/\">Contactos<\/a><\/p>\n","protected":false},"excerpt":{"rendered":"<p>1 &#8211; Introdu\u00e7\u00e3o Estamos empenhados no respeito pela privacidade e confidencialidade dos dadospessoais que lhe s\u00e3o disponibilizados e por isso<\/p>\n","protected":false},"author":14,"featured_media":0,"parent":0,"menu_order":0,"comment_status":"closed","ping_status":"closed","template":"","meta":{"footnotes":""},"class_list":["post-20860","page","type-page","status-publish","hentry"],"_links":{"self":[{"href":"https:\/\/clauberg.tools\/pt-pt\/wp-json\/wp\/v2\/pages\/20860","targetHints":{"allow":["GET"]}}],"collection":[{"href":"https:\/\/clauberg.tools\/pt-pt\/wp-json\/wp\/v2\/pages"}],"about":[{"href":"https:\/\/clauberg.tools\/pt-pt\/wp-json\/wp\/v2\/types\/page"}],"author":[{"embeddable":true,"href":"https:\/\/clauberg.tools\/pt-pt\/wp-json\/wp\/v2\/users\/14"}],"replies":[{"embeddable":true,"href":"https:\/\/clauberg.tools\/pt-pt\/wp-json\/wp\/v2\/comments?post=20860"}],"version-history":[{"count":1,"href":"https:\/\/clauberg.tools\/pt-pt\/wp-json\/wp\/v2\/pages\/20860\/revisions"}],"predecessor-version":[{"id":20861,"href":"https:\/\/clauberg.tools\/pt-pt\/wp-json\/wp\/v2\/pages\/20860\/revisions\/20861"}],"wp:attachment":[{"href":"https:\/\/clauberg.tools\/pt-pt\/wp-json\/wp\/v2\/media?parent=20860"}],"curies":[{"name":"wp","href":"https:\/\/api.w.org\/{rel}","templated":true}]}}