{"id":20791,"date":"2019-05-21T19:55:55","date_gmt":"2019-05-21T19:55:55","guid":{"rendered":"https:\/\/clauberg.tools\/product\/h-11401036-couteau-a-decouper\/"},"modified":"2019-05-21T19:55:55","modified_gmt":"2019-05-21T19:55:55","slug":"h-11401036-triming-knife-4","status":"publish","type":"product","link":"https:\/\/clauberg.tools\/fr\/produit\/h-11401036-triming-knife-4","title":{"rendered":"H 11401036 Couteau \u00e0 d\u00e9couper"},"content":{"rendered":"<p>https:\/\/clauberg.tools\/?post_type=product&#038;p=6557<\/p>\n","protected":false},"excerpt":{"rendered":"<p>Couteau \u00e0 d\u00e9couper.<br \/>\nLame \u00e0 bord creux avec des caract\u00e9ristiques de coupe particuli\u00e8rement durables.<br \/>\nLame \u00e0 bord creux en acier inoxydable.<br \/>\nLongueur de la lame : 360 mm.<br \/>\nCouteau avec une \u00e9paisseur de lame de 1,6 mm.<br \/>\nPoign\u00e9e en plastique jaune avec protection des doigts.<br \/>\nPoids : 180g.<\/p>\n","protected":false},"featured_media":5989,"comment_status":"closed","ping_status":"closed","template":"","meta":[],"product_brand":[],"product_cat":[892],"product_tag":[],"class_list":{"0":"post-20791","1":"product","2":"type-product","3":"status-publish","4":"has-post-thumbnail","6":"product_cat-outils-et-couteaux-pour-la-recolte-des-asperges","8":"first","9":"instock","10":"shipping-taxable","11":"product-type-simple"},"_links":{"self":[{"href":"https:\/\/clauberg.tools\/fr\/wp-json\/wp\/v2\/product\/20791","targetHints":{"allow":["GET"]}}],"collection":[{"href":"https:\/\/clauberg.tools\/fr\/wp-json\/wp\/v2\/product"}],"about":[{"href":"https:\/\/clauberg.tools\/fr\/wp-json\/wp\/v2\/types\/product"}],"replies":[{"embeddable":true,"href":"https:\/\/clauberg.tools\/fr\/wp-json\/wp\/v2\/comments?post=20791"}],"version-history":[{"count":0,"href":"https:\/\/clauberg.tools\/fr\/wp-json\/wp\/v2\/product\/20791\/revisions"}],"wp:featuredmedia":[{"embeddable":true,"href":"https:\/\/clauberg.tools\/fr\/wp-json\/wp\/v2\/media\/5989"}],"wp:attachment":[{"href":"https:\/\/clauberg.tools\/fr\/wp-json\/wp\/v2\/media?parent=20791"}],"wp:term":[{"taxonomy":"product_brand","embeddable":true,"href":"https:\/\/clauberg.tools\/fr\/wp-json\/wp\/v2\/product_brand?post=20791"},{"taxonomy":"product_cat","embeddable":true,"href":"https:\/\/clauberg.tools\/fr\/wp-json\/wp\/v2\/product_cat?post=20791"},{"taxonomy":"product_tag","embeddable":true,"href":"https:\/\/clauberg.tools\/fr\/wp-json\/wp\/v2\/product_tag?post=20791"}],"curies":[{"name":"wp","href":"https:\/\/api.w.org\/{rel}","templated":true}]}}