{"id":20788,"date":"2019-05-21T19:59:56","date_gmt":"2019-05-21T19:59:56","guid":{"rendered":"https:\/\/clauberg.tools\/product\/s-580-22-6-cisaillement-en-rose\/"},"modified":"2019-05-21T19:59:56","modified_gmt":"2019-05-21T19:59:56","slug":"s-580-22-6-rose-shear-2","status":"publish","type":"product","link":"https:\/\/clauberg.tools\/fr\/produit\/s-580-22-6-rose-shear-2","title":{"rendered":"S 580 22-6 Cisaillement en rose"},"content":{"rendered":"<p>https:\/\/clauberg.tools\/?post_type=product&#038;p=6567<\/p>\n","protected":false},"excerpt":{"rendered":"<p>Cisaille en acier sp\u00e9cial, forg\u00e9e \u00e0 chaud dans une matrice ferm\u00e9e.<br \/>\nMod\u00e8le sp\u00e9cial dur &#8211; chrom\u00e9.<\/p>\n<p>Longueur : 22 cm.<\/p>\n<p>Poids : 330 g.<\/p>\n","protected":false},"featured_media":5379,"comment_status":"closed","ping_status":"closed","template":"","meta":[],"product_brand":[],"product_cat":[848],"product_tag":[],"class_list":{"0":"post-20788","1":"product","2":"type-product","3":"status-publish","4":"has-post-thumbnail","6":"product_cat-ciseaux-de-jardinage","8":"first","9":"instock","10":"shipping-taxable","11":"product-type-simple"},"_links":{"self":[{"href":"https:\/\/clauberg.tools\/fr\/wp-json\/wp\/v2\/product\/20788","targetHints":{"allow":["GET"]}}],"collection":[{"href":"https:\/\/clauberg.tools\/fr\/wp-json\/wp\/v2\/product"}],"about":[{"href":"https:\/\/clauberg.tools\/fr\/wp-json\/wp\/v2\/types\/product"}],"replies":[{"embeddable":true,"href":"https:\/\/clauberg.tools\/fr\/wp-json\/wp\/v2\/comments?post=20788"}],"version-history":[{"count":0,"href":"https:\/\/clauberg.tools\/fr\/wp-json\/wp\/v2\/product\/20788\/revisions"}],"wp:featuredmedia":[{"embeddable":true,"href":"https:\/\/clauberg.tools\/fr\/wp-json\/wp\/v2\/media\/5379"}],"wp:attachment":[{"href":"https:\/\/clauberg.tools\/fr\/wp-json\/wp\/v2\/media?parent=20788"}],"wp:term":[{"taxonomy":"product_brand","embeddable":true,"href":"https:\/\/clauberg.tools\/fr\/wp-json\/wp\/v2\/product_brand?post=20788"},{"taxonomy":"product_cat","embeddable":true,"href":"https:\/\/clauberg.tools\/fr\/wp-json\/wp\/v2\/product_cat?post=20788"},{"taxonomy":"product_tag","embeddable":true,"href":"https:\/\/clauberg.tools\/fr\/wp-json\/wp\/v2\/product_tag?post=20788"}],"curies":[{"name":"wp","href":"https:\/\/api.w.org\/{rel}","templated":true}]}}