{"id":20764,"date":"2019-05-21T20:02:57","date_gmt":"2019-05-21T20:02:57","guid":{"rendered":"https:\/\/clauberg.tools\/product\/s-580-22-1-cisaille-a-rosace\/"},"modified":"2019-05-21T20:02:57","modified_gmt":"2019-05-21T20:02:57","slug":"s-580-22-1-rose-shear-2","status":"publish","type":"product","link":"https:\/\/clauberg.tools\/fr\/produit\/s-580-22-1-rose-shear-2","title":{"rendered":"S 580 22-1 Cisaille \u00e0 rosace"},"content":{"rendered":"<p>https:\/\/clauberg.tools\/?post_type=product&#038;p=6568<\/p>\n","protected":false},"excerpt":{"rendered":"<p>Cisaille en acier sp\u00e9cial, forg\u00e9e \u00e0 chaud dans une matrice ferm\u00e9e.<\/p>\n<p>Lame et manche d&rsquo;une seule pi\u00e8ce.<br \/>\nLames de d\u00e9rivation.<br \/>\nCoupe-fil int\u00e9gr\u00e9.<br \/>\nAvec \u00e9crou de blocage et plaque de guidage.<br \/>\nPoign\u00e9es creuses larges et confortables.<br \/>\nPoign\u00e9es avec isolation en plastique rouge.<br \/>\nFermeture en cuir synth\u00e9tique.<\/p>\n<p>Longueur : 22 cm.<\/p>\n<p>Poids : 330 g.<\/p>\n","protected":false},"featured_media":5367,"comment_status":"closed","ping_status":"closed","template":"","meta":[],"product_brand":[],"product_cat":[848],"product_tag":[],"class_list":{"0":"post-20764","1":"product","2":"type-product","3":"status-publish","4":"has-post-thumbnail","6":"product_cat-ciseaux-de-jardinage","8":"first","9":"instock","10":"shipping-taxable","11":"product-type-simple"},"_links":{"self":[{"href":"https:\/\/clauberg.tools\/fr\/wp-json\/wp\/v2\/product\/20764","targetHints":{"allow":["GET"]}}],"collection":[{"href":"https:\/\/clauberg.tools\/fr\/wp-json\/wp\/v2\/product"}],"about":[{"href":"https:\/\/clauberg.tools\/fr\/wp-json\/wp\/v2\/types\/product"}],"replies":[{"embeddable":true,"href":"https:\/\/clauberg.tools\/fr\/wp-json\/wp\/v2\/comments?post=20764"}],"version-history":[{"count":0,"href":"https:\/\/clauberg.tools\/fr\/wp-json\/wp\/v2\/product\/20764\/revisions"}],"wp:featuredmedia":[{"embeddable":true,"href":"https:\/\/clauberg.tools\/fr\/wp-json\/wp\/v2\/media\/5367"}],"wp:attachment":[{"href":"https:\/\/clauberg.tools\/fr\/wp-json\/wp\/v2\/media?parent=20764"}],"wp:term":[{"taxonomy":"product_brand","embeddable":true,"href":"https:\/\/clauberg.tools\/fr\/wp-json\/wp\/v2\/product_brand?post=20764"},{"taxonomy":"product_cat","embeddable":true,"href":"https:\/\/clauberg.tools\/fr\/wp-json\/wp\/v2\/product_cat?post=20764"},{"taxonomy":"product_tag","embeddable":true,"href":"https:\/\/clauberg.tools\/fr\/wp-json\/wp\/v2\/product_tag?post=20764"}],"curies":[{"name":"wp","href":"https:\/\/api.w.org\/{rel}","templated":true}]}}