{"id":20748,"date":"2019-05-21T20:08:09","date_gmt":"2019-05-21T20:08:09","guid":{"rendered":"https:\/\/clauberg.tools\/product\/s-301-14-cisaillement-de-fleurs\/"},"modified":"2019-05-21T20:08:09","modified_gmt":"2019-05-21T20:08:09","slug":"s-301-14-flower-shear-2","status":"publish","type":"product","link":"https:\/\/clauberg.tools\/fr\/produit\/s-301-14-flower-shear-2","title":{"rendered":"S 301-14 Cisaillement de fleurs"},"content":{"rendered":"<p>https:\/\/clauberg.tools\/?post_type=product&#038;p=6577<\/p>\n","protected":false},"excerpt":{"rendered":"<p>La cisaille \u00e0 fleurs est fabriqu\u00e9e en acier sp\u00e9cial, forg\u00e9 \u00e0 chaud dans une matrice ferm\u00e9e.<\/p>\n<p>Lame et manche d&rsquo;une seule pi\u00e8ce.<br \/>\nLames de d\u00e9rivation.<br \/>\nPoign\u00e9es avec isolation en plastique rouge.<br \/>\nAttache en fil de fer.<\/p>\n<p>301 14 Longueur : 14cm. Poids : 120g.<br \/>\n301 17 Longueur : 17cm. Poids : 140g.<\/p>\n","protected":false},"featured_media":5320,"comment_status":"closed","ping_status":"closed","template":"","meta":[],"product_brand":[],"product_cat":[848],"product_tag":[],"class_list":{"0":"post-20748","1":"product","2":"type-product","3":"status-publish","4":"has-post-thumbnail","6":"product_cat-ciseaux-de-jardinage","8":"first","9":"instock","10":"shipping-taxable","11":"product-type-simple"},"_links":{"self":[{"href":"https:\/\/clauberg.tools\/fr\/wp-json\/wp\/v2\/product\/20748","targetHints":{"allow":["GET"]}}],"collection":[{"href":"https:\/\/clauberg.tools\/fr\/wp-json\/wp\/v2\/product"}],"about":[{"href":"https:\/\/clauberg.tools\/fr\/wp-json\/wp\/v2\/types\/product"}],"replies":[{"embeddable":true,"href":"https:\/\/clauberg.tools\/fr\/wp-json\/wp\/v2\/comments?post=20748"}],"version-history":[{"count":0,"href":"https:\/\/clauberg.tools\/fr\/wp-json\/wp\/v2\/product\/20748\/revisions"}],"wp:featuredmedia":[{"embeddable":true,"href":"https:\/\/clauberg.tools\/fr\/wp-json\/wp\/v2\/media\/5320"}],"wp:attachment":[{"href":"https:\/\/clauberg.tools\/fr\/wp-json\/wp\/v2\/media?parent=20748"}],"wp:term":[{"taxonomy":"product_brand","embeddable":true,"href":"https:\/\/clauberg.tools\/fr\/wp-json\/wp\/v2\/product_brand?post=20748"},{"taxonomy":"product_cat","embeddable":true,"href":"https:\/\/clauberg.tools\/fr\/wp-json\/wp\/v2\/product_cat?post=20748"},{"taxonomy":"product_tag","embeddable":true,"href":"https:\/\/clauberg.tools\/fr\/wp-json\/wp\/v2\/product_tag?post=20748"}],"curies":[{"name":"wp","href":"https:\/\/api.w.org\/{rel}","templated":true}]}}