{"id":20746,"date":"2019-05-21T20:03:23","date_gmt":"2019-05-21T20:03:23","guid":{"rendered":"https:\/\/clauberg.tools\/product\/s-151-18-fleur-cisaillement-present\/"},"modified":"2019-05-21T20:03:23","modified_gmt":"2019-05-21T20:03:23","slug":"s-151-18-flower-present-shear-2","status":"publish","type":"product","link":"https:\/\/clauberg.tools\/fr\/produit\/s-151-18-flower-present-shear-2","title":{"rendered":"S 151 18 Fleur-Cisaillement pr\u00e9sent"},"content":{"rendered":"<p>https:\/\/clauberg.tools\/?post_type=product&#038;p=6575<\/p>\n","protected":false},"excerpt":{"rendered":"<p>Cisaille en acier sp\u00e9cial, forg\u00e9e \u00e0 chaud dans une matrice ferm\u00e9e.<\/p>\n<p>Ex\u00e9cution l\u00e9g\u00e8re.<br \/>\nLes lames tremp\u00e9es se fixent \u00e0 l&rsquo;aide de rivets.<br \/>\nPoign\u00e9es avec isolation en plastique rouge.<br \/>\nFermeture pliante en m\u00e9tal avec ressort.<\/p>\n<p>Longueur : 18 cm.<\/p>\n<p>Poids : 210 g.<\/p>\n","protected":false},"featured_media":5332,"comment_status":"closed","ping_status":"closed","template":"","meta":[],"product_brand":[],"product_cat":[848],"product_tag":[],"class_list":{"0":"post-20746","1":"product","2":"type-product","3":"status-publish","4":"has-post-thumbnail","6":"product_cat-ciseaux-de-jardinage","8":"first","9":"instock","10":"shipping-taxable","11":"product-type-simple"},"_links":{"self":[{"href":"https:\/\/clauberg.tools\/fr\/wp-json\/wp\/v2\/product\/20746","targetHints":{"allow":["GET"]}}],"collection":[{"href":"https:\/\/clauberg.tools\/fr\/wp-json\/wp\/v2\/product"}],"about":[{"href":"https:\/\/clauberg.tools\/fr\/wp-json\/wp\/v2\/types\/product"}],"replies":[{"embeddable":true,"href":"https:\/\/clauberg.tools\/fr\/wp-json\/wp\/v2\/comments?post=20746"}],"version-history":[{"count":0,"href":"https:\/\/clauberg.tools\/fr\/wp-json\/wp\/v2\/product\/20746\/revisions"}],"wp:featuredmedia":[{"embeddable":true,"href":"https:\/\/clauberg.tools\/fr\/wp-json\/wp\/v2\/media\/5332"}],"wp:attachment":[{"href":"https:\/\/clauberg.tools\/fr\/wp-json\/wp\/v2\/media?parent=20746"}],"wp:term":[{"taxonomy":"product_brand","embeddable":true,"href":"https:\/\/clauberg.tools\/fr\/wp-json\/wp\/v2\/product_brand?post=20746"},{"taxonomy":"product_cat","embeddable":true,"href":"https:\/\/clauberg.tools\/fr\/wp-json\/wp\/v2\/product_cat?post=20746"},{"taxonomy":"product_tag","embeddable":true,"href":"https:\/\/clauberg.tools\/fr\/wp-json\/wp\/v2\/product_tag?post=20746"}],"curies":[{"name":"wp","href":"https:\/\/api.w.org\/{rel}","templated":true}]}}