{"id":20742,"date":"2019-05-21T20:08:18","date_gmt":"2019-05-21T20:08:18","guid":{"rendered":"https:\/\/clauberg.tools\/product\/s-131-cisaille-a-arbre-a-jardin-et-a-raisin\/"},"modified":"2019-05-21T20:08:18","modified_gmt":"2019-05-21T20:08:18","slug":"s-131-tree-garden-and-grape-shear-2","status":"publish","type":"product","link":"https:\/\/clauberg.tools\/fr\/produit\/s-131-tree-garden-and-grape-shear-2","title":{"rendered":"S 131 Cisaille \u00e0 arbre, \u00e0 jardin et \u00e0 raisin"},"content":{"rendered":"<p>https:\/\/clauberg.tools\/?post_type=product&#038;p=6579<\/p>\n","protected":false},"excerpt":{"rendered":"<p>Cisaille \u00e0 arbre\/ jardin\/ raisin.<\/p>\n<p>Forg\u00e9 \u00e0 chaud dans une matrice ferm\u00e9e.<br \/>\nFabriqu\u00e9 en acier sp\u00e9cial de cisaillement.<br \/>\nLame et manche d&rsquo;une seule pi\u00e8ce.<br \/>\nPoign\u00e9es creuses larges et confortables.<br \/>\nLames de d\u00e9rivation.<br \/>\nPoign\u00e9es avec isolation en plastique rouge.<br \/>\nFermeture en cuir synth\u00e9tique.<\/p>\n<p>S 131 18-1 Longueur : 18 cm. Poids : 190 g.<br \/>\nS 131 21-1 Longueur : 21 cm. Poids : 270 g.<br \/>\nS 131 23-1 Longueur : 23 cm. Poids : 335 g.<\/p>\n","protected":false},"featured_media":5308,"comment_status":"closed","ping_status":"closed","template":"","meta":[],"product_brand":[],"product_cat":[848],"product_tag":[],"class_list":{"0":"post-20742","1":"product","2":"type-product","3":"status-publish","4":"has-post-thumbnail","6":"product_cat-ciseaux-de-jardinage","8":"first","9":"instock","10":"shipping-taxable","11":"product-type-simple"},"_links":{"self":[{"href":"https:\/\/clauberg.tools\/fr\/wp-json\/wp\/v2\/product\/20742","targetHints":{"allow":["GET"]}}],"collection":[{"href":"https:\/\/clauberg.tools\/fr\/wp-json\/wp\/v2\/product"}],"about":[{"href":"https:\/\/clauberg.tools\/fr\/wp-json\/wp\/v2\/types\/product"}],"replies":[{"embeddable":true,"href":"https:\/\/clauberg.tools\/fr\/wp-json\/wp\/v2\/comments?post=20742"}],"version-history":[{"count":0,"href":"https:\/\/clauberg.tools\/fr\/wp-json\/wp\/v2\/product\/20742\/revisions"}],"wp:featuredmedia":[{"embeddable":true,"href":"https:\/\/clauberg.tools\/fr\/wp-json\/wp\/v2\/media\/5308"}],"wp:attachment":[{"href":"https:\/\/clauberg.tools\/fr\/wp-json\/wp\/v2\/media?parent=20742"}],"wp:term":[{"taxonomy":"product_brand","embeddable":true,"href":"https:\/\/clauberg.tools\/fr\/wp-json\/wp\/v2\/product_brand?post=20742"},{"taxonomy":"product_cat","embeddable":true,"href":"https:\/\/clauberg.tools\/fr\/wp-json\/wp\/v2\/product_cat?post=20742"},{"taxonomy":"product_tag","embeddable":true,"href":"https:\/\/clauberg.tools\/fr\/wp-json\/wp\/v2\/product_tag?post=20742"}],"curies":[{"name":"wp","href":"https:\/\/api.w.org\/{rel}","templated":true}]}}