{"id":20727,"date":"2019-05-21T20:08:33","date_gmt":"2019-05-21T20:08:33","guid":{"rendered":"https:\/\/clauberg.tools\/product\/s-121-cisaille-a-arbre-a-jardin-et-a-raisin\/"},"modified":"2019-05-21T20:08:33","modified_gmt":"2019-05-21T20:08:33","slug":"s-121-tree-garden-and-grape-shear-2","status":"publish","type":"product","link":"https:\/\/clauberg.tools\/fr\/produit\/s-121-tree-garden-and-grape-shear-2","title":{"rendered":"S 121 Cisaille \u00e0 arbre, \u00e0 jardin et \u00e0 raisin"},"content":{"rendered":"<p>Cisaille pour arbre\/jardin\/raisin.<\/p>\n<p>Forg\u00e9 \u00e0 chaud dans la matrice.<br \/>\nFabriqu\u00e9 en acier sp\u00e9cial de cisaillement.<br \/>\nLame et manche d&rsquo;une seule pi\u00e8ce.<br \/>\nLames de d\u00e9rivation.<br \/>\nPoign\u00e9es avec isolation en plastique rouge.<br \/>\nAttache en fil de fer.<\/p>\n<p>S 121 17-1 Longueur : 17 cm. Poids : 230 g.<br \/>\nS 121 19-1 Longueur : 19 cm. Poids : 270 g.<br \/>\nS 121 21-1 Longueur : 21 cm. Poids : 335 g.<br \/>\nS 121 23-1 Longueur : 23 cm. Poids : 415 g.<\/p>\n","protected":false},"excerpt":{"rendered":"<p>Cisaille pour arbre\/jardin\/raisin.<\/p>\n<p>Forg\u00e9 \u00e0 chaud dans la matrice.<br \/>\nFabriqu\u00e9 en acier sp\u00e9cial de cisaillement.<br \/>\nLame et manche d&rsquo;une seule pi\u00e8ce.<br \/>\nLames de d\u00e9rivation.<br \/>\nPoign\u00e9es avec isolation en plastique rouge.<br \/>\nAttache en fil de fer.<\/p>\n<p>S 121 17-1 Longueur : 17 cm. Poids : 230 g.<br \/>\nS 121 19-1 Longueur : 19 cm. Poids : 270 g.<br \/>\nS 121 21-1 Longueur : 21 cm. Poids : 335 g.<br \/>\nS 121 23-1 Longueur : 23 cm. Poids : 415 g.<\/p>\n","protected":false},"featured_media":5296,"comment_status":"closed","ping_status":"closed","template":"","meta":[],"product_brand":[],"product_cat":[848],"product_tag":[],"class_list":{"0":"post-20727","1":"product","2":"type-product","3":"status-publish","4":"has-post-thumbnail","6":"product_cat-ciseaux-de-jardinage","8":"first","9":"instock","10":"shipping-taxable","11":"product-type-simple"},"_links":{"self":[{"href":"https:\/\/clauberg.tools\/fr\/wp-json\/wp\/v2\/product\/20727","targetHints":{"allow":["GET"]}}],"collection":[{"href":"https:\/\/clauberg.tools\/fr\/wp-json\/wp\/v2\/product"}],"about":[{"href":"https:\/\/clauberg.tools\/fr\/wp-json\/wp\/v2\/types\/product"}],"replies":[{"embeddable":true,"href":"https:\/\/clauberg.tools\/fr\/wp-json\/wp\/v2\/comments?post=20727"}],"version-history":[{"count":0,"href":"https:\/\/clauberg.tools\/fr\/wp-json\/wp\/v2\/product\/20727\/revisions"}],"wp:featuredmedia":[{"embeddable":true,"href":"https:\/\/clauberg.tools\/fr\/wp-json\/wp\/v2\/media\/5296"}],"wp:attachment":[{"href":"https:\/\/clauberg.tools\/fr\/wp-json\/wp\/v2\/media?parent=20727"}],"wp:term":[{"taxonomy":"product_brand","embeddable":true,"href":"https:\/\/clauberg.tools\/fr\/wp-json\/wp\/v2\/product_brand?post=20727"},{"taxonomy":"product_cat","embeddable":true,"href":"https:\/\/clauberg.tools\/fr\/wp-json\/wp\/v2\/product_cat?post=20727"},{"taxonomy":"product_tag","embeddable":true,"href":"https:\/\/clauberg.tools\/fr\/wp-json\/wp\/v2\/product_tag?post=20727"}],"curies":[{"name":"wp","href":"https:\/\/api.w.org\/{rel}","templated":true}]}}