{"id":20701,"date":"2019-05-21T20:53:25","date_gmt":"2019-05-21T20:53:25","guid":{"rendered":"https:\/\/clauberg.tools\/product\/spa-690-couteau-pour-la-recolte-des-asperges\/"},"modified":"2019-05-21T20:53:25","modified_gmt":"2019-05-21T20:53:25","slug":"spa-690-asparagus-couteau-de-recolte-2","status":"publish","type":"product","link":"https:\/\/clauberg.tools\/fr\/produit\/spa-690-asparagus-couteau-de-recolte-2","title":{"rendered":"SPA 690 Couteau pour la r\u00e9colte des asperges"},"content":{"rendered":"<p>https:\/\/clauberg.tools\/?post_type=product&#038;p=6601<\/p>\n","protected":false},"excerpt":{"rendered":"<p>SPA 690 &#8211; Couteau pour la r\u00e9colte des asperges<\/p>\n<p>Fabriqu\u00e9 en acier inoxydable martensitique au chrome.<br \/>\nNOUVEAUT\u00c9 2014 : couteaux de r\u00e9colte des asperges tremp\u00e9s dans la glace &#8211; tr\u00e8s durs (55 &#8211; 57 HRC) et durables.<br \/>\nPoign\u00e9e en bois massif.<br \/>\nArbre : 18 x 5 mm.<br \/>\nInclinaison de la lame : 20\u00ba.<br \/>\nLargeur de la lame : 32 mm.<br \/>\nLongueur totale : 500 mm.<br \/>\nPoids : 300 g.<\/p>\n","protected":false},"featured_media":5127,"comment_status":"closed","ping_status":"closed","template":"","meta":[],"product_brand":[],"product_cat":[892],"product_tag":[],"class_list":{"0":"post-20701","1":"product","2":"type-product","3":"status-publish","4":"has-post-thumbnail","6":"product_cat-outils-et-couteaux-pour-la-recolte-des-asperges","8":"first","9":"instock","10":"shipping-taxable","11":"product-type-simple"},"_links":{"self":[{"href":"https:\/\/clauberg.tools\/fr\/wp-json\/wp\/v2\/product\/20701","targetHints":{"allow":["GET"]}}],"collection":[{"href":"https:\/\/clauberg.tools\/fr\/wp-json\/wp\/v2\/product"}],"about":[{"href":"https:\/\/clauberg.tools\/fr\/wp-json\/wp\/v2\/types\/product"}],"replies":[{"embeddable":true,"href":"https:\/\/clauberg.tools\/fr\/wp-json\/wp\/v2\/comments?post=20701"}],"version-history":[{"count":0,"href":"https:\/\/clauberg.tools\/fr\/wp-json\/wp\/v2\/product\/20701\/revisions"}],"wp:featuredmedia":[{"embeddable":true,"href":"https:\/\/clauberg.tools\/fr\/wp-json\/wp\/v2\/media\/5127"}],"wp:attachment":[{"href":"https:\/\/clauberg.tools\/fr\/wp-json\/wp\/v2\/media?parent=20701"}],"wp:term":[{"taxonomy":"product_brand","embeddable":true,"href":"https:\/\/clauberg.tools\/fr\/wp-json\/wp\/v2\/product_brand?post=20701"},{"taxonomy":"product_cat","embeddable":true,"href":"https:\/\/clauberg.tools\/fr\/wp-json\/wp\/v2\/product_cat?post=20701"},{"taxonomy":"product_tag","embeddable":true,"href":"https:\/\/clauberg.tools\/fr\/wp-json\/wp\/v2\/product_tag?post=20701"}],"curies":[{"name":"wp","href":"https:\/\/api.w.org\/{rel}","templated":true}]}}