{"id":20688,"date":"2019-05-21T20:53:01","date_gmt":"2019-05-21T20:53:01","guid":{"rendered":"https:\/\/clauberg.tools\/product\/spa-501-0-couteau-pour-la-recolte-des-asperges\/"},"modified":"2019-05-21T20:53:01","modified_gmt":"2019-05-21T20:53:01","slug":"spa-501-0-asparagus-harvesting-knife-2","status":"publish","type":"product","link":"https:\/\/clauberg.tools\/fr\/produit\/spa-501-0-asparagus-harvesting-knife-2","title":{"rendered":"SPA 501 0 Couteau pour la r\u00e9colte des asperges"},"content":{"rendered":"<p>https:\/\/clauberg.tools\/?post_type=product&#038;p=6597<\/p>\n","protected":false},"excerpt":{"rendered":"<p>SPA 501 0 &#8211; Couteau pour la r\u00e9colte des asperges.<\/p>\n<p>Couteau \u00e0 cueillir les asperges forg\u00e9 \u00e0 chaud.<br \/>\nAcier au carbone tremp\u00e9.<br \/>\nPoign\u00e9e en bois massif.<br \/>\nAxe carr\u00e9 8 x 8 mm.<br \/>\nInclinaison de la lame : 0\u00ba.<br \/>\nLargeur de la lame : 29 mm.<br \/>\nLongueur totale : 495 mm.<br \/>\nPoids : 300 g.<\/p>\n","protected":false},"featured_media":5151,"comment_status":"closed","ping_status":"closed","template":"","meta":[],"product_brand":[],"product_cat":[892],"product_tag":[],"class_list":{"0":"post-20688","1":"product","2":"type-product","3":"status-publish","4":"has-post-thumbnail","6":"product_cat-outils-et-couteaux-pour-la-recolte-des-asperges","8":"first","9":"instock","10":"shipping-taxable","11":"product-type-simple"},"_links":{"self":[{"href":"https:\/\/clauberg.tools\/fr\/wp-json\/wp\/v2\/product\/20688","targetHints":{"allow":["GET"]}}],"collection":[{"href":"https:\/\/clauberg.tools\/fr\/wp-json\/wp\/v2\/product"}],"about":[{"href":"https:\/\/clauberg.tools\/fr\/wp-json\/wp\/v2\/types\/product"}],"replies":[{"embeddable":true,"href":"https:\/\/clauberg.tools\/fr\/wp-json\/wp\/v2\/comments?post=20688"}],"version-history":[{"count":0,"href":"https:\/\/clauberg.tools\/fr\/wp-json\/wp\/v2\/product\/20688\/revisions"}],"wp:featuredmedia":[{"embeddable":true,"href":"https:\/\/clauberg.tools\/fr\/wp-json\/wp\/v2\/media\/5151"}],"wp:attachment":[{"href":"https:\/\/clauberg.tools\/fr\/wp-json\/wp\/v2\/media?parent=20688"}],"wp:term":[{"taxonomy":"product_brand","embeddable":true,"href":"https:\/\/clauberg.tools\/fr\/wp-json\/wp\/v2\/product_brand?post=20688"},{"taxonomy":"product_cat","embeddable":true,"href":"https:\/\/clauberg.tools\/fr\/wp-json\/wp\/v2\/product_cat?post=20688"},{"taxonomy":"product_tag","embeddable":true,"href":"https:\/\/clauberg.tools\/fr\/wp-json\/wp\/v2\/product_tag?post=20688"}],"curies":[{"name":"wp","href":"https:\/\/api.w.org\/{rel}","templated":true}]}}