{"id":20629,"date":"2019-05-22T10:16:29","date_gmt":"2019-05-22T10:16:29","guid":{"rendered":"https:\/\/clauberg.tools\/product\/3-e-11-couteau-delagage-kunde\/"},"modified":"2019-05-22T10:16:29","modified_gmt":"2019-05-22T10:16:29","slug":"3-e-11-kunde-pruning-knife-2","status":"publish","type":"product","link":"https:\/\/clauberg.tools\/fr\/produit\/3-e-11-kunde-pruning-knife-2","title":{"rendered":"3 E 11 Couteau d&rsquo;\u00e9lagage KUNDE"},"content":{"rendered":"<p>https:\/\/clauberg.tools\/?post_type=product&#038;p=6655<\/p>\n","protected":false},"excerpt":{"rendered":"<p>Ex\u00e9cution l\u00e9g\u00e8re.<br \/>\nBroy\u00e9 des deux c\u00f4t\u00e9s.<\/p>\n<p>Poids : 95 g.<br \/>\nLongueur : 11 cm.<\/p>\n","protected":false},"featured_media":4807,"comment_status":"closed","ping_status":"closed","template":"","meta":[],"product_brand":[],"product_cat":[884,889],"product_tag":[],"class_list":{"0":"post-20629","1":"product","2":"type-product","3":"status-publish","4":"has-post-thumbnail","6":"product_cat-couteaux-de-jardin","7":"product_cat-outils-de-jardinage","9":"first","10":"instock","11":"shipping-taxable","12":"product-type-simple"},"_links":{"self":[{"href":"https:\/\/clauberg.tools\/fr\/wp-json\/wp\/v2\/product\/20629","targetHints":{"allow":["GET"]}}],"collection":[{"href":"https:\/\/clauberg.tools\/fr\/wp-json\/wp\/v2\/product"}],"about":[{"href":"https:\/\/clauberg.tools\/fr\/wp-json\/wp\/v2\/types\/product"}],"replies":[{"embeddable":true,"href":"https:\/\/clauberg.tools\/fr\/wp-json\/wp\/v2\/comments?post=20629"}],"version-history":[{"count":0,"href":"https:\/\/clauberg.tools\/fr\/wp-json\/wp\/v2\/product\/20629\/revisions"}],"wp:featuredmedia":[{"embeddable":true,"href":"https:\/\/clauberg.tools\/fr\/wp-json\/wp\/v2\/media\/4807"}],"wp:attachment":[{"href":"https:\/\/clauberg.tools\/fr\/wp-json\/wp\/v2\/media?parent=20629"}],"wp:term":[{"taxonomy":"product_brand","embeddable":true,"href":"https:\/\/clauberg.tools\/fr\/wp-json\/wp\/v2\/product_brand?post=20629"},{"taxonomy":"product_cat","embeddable":true,"href":"https:\/\/clauberg.tools\/fr\/wp-json\/wp\/v2\/product_cat?post=20629"},{"taxonomy":"product_tag","embeddable":true,"href":"https:\/\/clauberg.tools\/fr\/wp-json\/wp\/v2\/product_tag?post=20629"}],"curies":[{"name":"wp","href":"https:\/\/api.w.org\/{rel}","templated":true}]}}