{"id":20625,"date":"2019-05-22T10:23:54","date_gmt":"2019-05-22T10:23:54","guid":{"rendered":"https:\/\/clauberg.tools\/product\/h-120401-couteau-a-moissonner\/"},"modified":"2019-05-22T10:23:54","modified_gmt":"2019-05-22T10:23:54","slug":"h-120401-harvest-knife-2","status":"publish","type":"product","link":"https:\/\/clauberg.tools\/fr\/produit\/h-120401-harvest-knife-2","title":{"rendered":"H 120401 Couteau \u00e0 moissonner"},"content":{"rendered":"<p>Lame courb\u00e9e et tremp\u00e9e.<br \/>\nLongueur de la lame : 75 mm.<\/p>\n<p>Poids : 91 g.<br \/>\nLongueur : 260 mm.<\/p>\n","protected":false},"excerpt":{"rendered":"<p>Lame courb\u00e9e et tremp\u00e9e.<br \/>\nLongueur de la lame : 75 mm.<\/p>\n<p>Poids : 91 g.<br \/>\nLongueur : 260 mm.<\/p>\n","protected":false},"featured_media":4795,"comment_status":"closed","ping_status":"closed","template":"","meta":[],"product_brand":[],"product_cat":[884],"product_tag":[],"class_list":{"0":"post-20625","1":"product","2":"type-product","3":"status-publish","4":"has-post-thumbnail","6":"product_cat-couteaux-de-jardin","8":"first","9":"instock","10":"shipping-taxable","11":"product-type-simple"},"_links":{"self":[{"href":"https:\/\/clauberg.tools\/fr\/wp-json\/wp\/v2\/product\/20625","targetHints":{"allow":["GET"]}}],"collection":[{"href":"https:\/\/clauberg.tools\/fr\/wp-json\/wp\/v2\/product"}],"about":[{"href":"https:\/\/clauberg.tools\/fr\/wp-json\/wp\/v2\/types\/product"}],"replies":[{"embeddable":true,"href":"https:\/\/clauberg.tools\/fr\/wp-json\/wp\/v2\/comments?post=20625"}],"version-history":[{"count":0,"href":"https:\/\/clauberg.tools\/fr\/wp-json\/wp\/v2\/product\/20625\/revisions"}],"wp:featuredmedia":[{"embeddable":true,"href":"https:\/\/clauberg.tools\/fr\/wp-json\/wp\/v2\/media\/4795"}],"wp:attachment":[{"href":"https:\/\/clauberg.tools\/fr\/wp-json\/wp\/v2\/media?parent=20625"}],"wp:term":[{"taxonomy":"product_brand","embeddable":true,"href":"https:\/\/clauberg.tools\/fr\/wp-json\/wp\/v2\/product_brand?post=20625"},{"taxonomy":"product_cat","embeddable":true,"href":"https:\/\/clauberg.tools\/fr\/wp-json\/wp\/v2\/product_cat?post=20625"},{"taxonomy":"product_tag","embeddable":true,"href":"https:\/\/clauberg.tools\/fr\/wp-json\/wp\/v2\/product_tag?post=20625"}],"curies":[{"name":"wp","href":"https:\/\/api.w.org\/{rel}","templated":true}]}}