{"id":20624,"date":"2019-05-22T10:03:38","date_gmt":"2019-05-22T10:03:38","guid":{"rendered":"https:\/\/clauberg.tools\/product\/f-858-perforateur-pour-plaque-dimmatriculation-de-voiture\/"},"modified":"2019-05-22T10:03:38","modified_gmt":"2019-05-22T10:03:38","slug":"f-858-hole-punch-for-car-number-plate-2","status":"publish","type":"product","link":"https:\/\/clauberg.tools\/fr\/produit\/f-858-hole-punch-for-car-number-plate-2","title":{"rendered":"F 858 Perforateur pour plaque d&rsquo;immatriculation de voiture"},"content":{"rendered":"<p>https:\/\/clauberg.tools\/?post_type=product&#038;p=6639<\/p>\n","protected":false},"excerpt":{"rendered":"<p>Perforateur &#8211; pour les plaques d&rsquo;immatriculation.<\/p>\n<p>Outil de conception robuste.<br \/>\nPoin\u00e7onne les trous de rivets.<br \/>\nAvec poin\u00e7on et plaque de d\u00e9coupe de 6 mm de diam\u00e8tre.<br \/>\nPoign\u00e9e avec protection en PVC rouge.<br \/>\nMont\u00e9 sur un support en bois.<br \/>\nTable de support avec deux but\u00e9es de profondeur r\u00e9glables.<br \/>\nAvec bac \u00e0 ferraille.<\/p>\n","protected":false},"featured_media":4915,"comment_status":"closed","ping_status":"closed","template":"","meta":[],"product_brand":[],"product_cat":[883],"product_tag":[],"class_list":{"0":"post-20624","1":"product","2":"type-product","3":"status-publish","4":"has-post-thumbnail","6":"product_cat-outils-pour-le-metal","8":"first","9":"instock","10":"shipping-taxable","11":"product-type-simple"},"_links":{"self":[{"href":"https:\/\/clauberg.tools\/fr\/wp-json\/wp\/v2\/product\/20624","targetHints":{"allow":["GET"]}}],"collection":[{"href":"https:\/\/clauberg.tools\/fr\/wp-json\/wp\/v2\/product"}],"about":[{"href":"https:\/\/clauberg.tools\/fr\/wp-json\/wp\/v2\/types\/product"}],"replies":[{"embeddable":true,"href":"https:\/\/clauberg.tools\/fr\/wp-json\/wp\/v2\/comments?post=20624"}],"version-history":[{"count":0,"href":"https:\/\/clauberg.tools\/fr\/wp-json\/wp\/v2\/product\/20624\/revisions"}],"wp:featuredmedia":[{"embeddable":true,"href":"https:\/\/clauberg.tools\/fr\/wp-json\/wp\/v2\/media\/4915"}],"wp:attachment":[{"href":"https:\/\/clauberg.tools\/fr\/wp-json\/wp\/v2\/media?parent=20624"}],"wp:term":[{"taxonomy":"product_brand","embeddable":true,"href":"https:\/\/clauberg.tools\/fr\/wp-json\/wp\/v2\/product_brand?post=20624"},{"taxonomy":"product_cat","embeddable":true,"href":"https:\/\/clauberg.tools\/fr\/wp-json\/wp\/v2\/product_cat?post=20624"},{"taxonomy":"product_tag","embeddable":true,"href":"https:\/\/clauberg.tools\/fr\/wp-json\/wp\/v2\/product_tag?post=20624"}],"curies":[{"name":"wp","href":"https:\/\/api.w.org\/{rel}","templated":true}]}}