{"id":20594,"date":"2019-05-22T10:03:46","date_gmt":"2019-05-22T10:03:46","guid":{"rendered":"https:\/\/clauberg.tools\/product\/f-857-poincon\/"},"modified":"2019-05-22T10:03:46","modified_gmt":"2019-05-22T10:03:46","slug":"f-857-punch-2","status":"publish","type":"product","link":"https:\/\/clauberg.tools\/fr\/produit\/f-857-punch-2","title":{"rendered":"F 857 Poin\u00e7on"},"content":{"rendered":"<p>https:\/\/clauberg.tools\/?post_type=product&#038;p=6640<\/p>\n","protected":false},"excerpt":{"rendered":"<p>Perforateur &#8211; taille 27 &#8211; pour les travailleurs du m\u00e9tal.<\/p>\n<p>Outil de conception robuste.<br \/>\nA utiliser \u00e0 deux mains.<br \/>\nPoin\u00e7onne les trous de rivets.<br \/>\nAvec une plaque de poin\u00e7onnage et de matri\u00e7age de 3,3 mm de diam\u00e8tre.<br \/>\nPoign\u00e9es avec protection en PVC rouge.<\/p>\n","protected":false},"featured_media":4909,"comment_status":"closed","ping_status":"closed","template":"","meta":[],"product_brand":[],"product_cat":[883],"product_tag":[],"class_list":{"0":"post-20594","1":"product","2":"type-product","3":"status-publish","4":"has-post-thumbnail","6":"product_cat-outils-pour-le-metal","8":"first","9":"instock","10":"shipping-taxable","11":"product-type-simple"},"_links":{"self":[{"href":"https:\/\/clauberg.tools\/fr\/wp-json\/wp\/v2\/product\/20594","targetHints":{"allow":["GET"]}}],"collection":[{"href":"https:\/\/clauberg.tools\/fr\/wp-json\/wp\/v2\/product"}],"about":[{"href":"https:\/\/clauberg.tools\/fr\/wp-json\/wp\/v2\/types\/product"}],"replies":[{"embeddable":true,"href":"https:\/\/clauberg.tools\/fr\/wp-json\/wp\/v2\/comments?post=20594"}],"version-history":[{"count":0,"href":"https:\/\/clauberg.tools\/fr\/wp-json\/wp\/v2\/product\/20594\/revisions"}],"wp:featuredmedia":[{"embeddable":true,"href":"https:\/\/clauberg.tools\/fr\/wp-json\/wp\/v2\/media\/4909"}],"wp:attachment":[{"href":"https:\/\/clauberg.tools\/fr\/wp-json\/wp\/v2\/media?parent=20594"}],"wp:term":[{"taxonomy":"product_brand","embeddable":true,"href":"https:\/\/clauberg.tools\/fr\/wp-json\/wp\/v2\/product_brand?post=20594"},{"taxonomy":"product_cat","embeddable":true,"href":"https:\/\/clauberg.tools\/fr\/wp-json\/wp\/v2\/product_cat?post=20594"},{"taxonomy":"product_tag","embeddable":true,"href":"https:\/\/clauberg.tools\/fr\/wp-json\/wp\/v2\/product_tag?post=20594"}],"curies":[{"name":"wp","href":"https:\/\/api.w.org\/{rel}","templated":true}]}}