{"id":20579,"date":"2019-05-22T10:33:14","date_gmt":"2019-05-22T10:33:14","guid":{"rendered":"https:\/\/clauberg.tools\/product\/f-916-profile-pince-a-sectionner\/"},"modified":"2023-09-29T15:39:14","modified_gmt":"2023-09-29T15:39:14","slug":"f-916-pince-a-sertir-les-sections-profilees","status":"publish","type":"product","link":"https:\/\/clauberg.tools\/fr\/produit\/f-916-pince-a-sertir-les-sections-profilees","title":{"rendered":"F 916 &#8211; Pince \u00e0 sertir"},"content":{"rendered":"<p>https:\/\/clauberg.tools\/?post_type=product&#038;p=6672<\/p>\n","protected":false},"excerpt":{"rendered":"<p>Pince \u00e0 agrafage pour cloisons s\u00e8ches, capacit\u00e9 maximale 0,8 + 0,8 mm<\/p>\n<p>Poin\u00e7onnage rapide et efficace pour la pose de rails et de montants.<br \/>\nPas besoin de per\u00e7age, de vis ou de rivets.<br \/>\nPoin\u00e7on et matrice de poin\u00e7onnage rempla\u00e7ables, en acier au carbone tremp\u00e9 AISI 1045.<br \/>\nPoign\u00e9es 2-K ergonomiques et antid\u00e9rapantes.<br \/>\n5 ans de garantie sur la matrice et le poin\u00e7on.<\/p>\n","protected":false},"featured_media":4466,"comment_status":"closed","ping_status":"closed","template":"","meta":[],"product_brand":[],"product_cat":[880],"product_tag":[],"class_list":{"0":"post-20579","1":"product","2":"type-product","3":"status-publish","4":"has-post-thumbnail","6":"product_cat-outils-pour-profiles","8":"first","9":"instock","10":"shipping-taxable","11":"product-type-simple"},"_links":{"self":[{"href":"https:\/\/clauberg.tools\/fr\/wp-json\/wp\/v2\/product\/20579","targetHints":{"allow":["GET"]}}],"collection":[{"href":"https:\/\/clauberg.tools\/fr\/wp-json\/wp\/v2\/product"}],"about":[{"href":"https:\/\/clauberg.tools\/fr\/wp-json\/wp\/v2\/types\/product"}],"replies":[{"embeddable":true,"href":"https:\/\/clauberg.tools\/fr\/wp-json\/wp\/v2\/comments?post=20579"}],"version-history":[{"count":3,"href":"https:\/\/clauberg.tools\/fr\/wp-json\/wp\/v2\/product\/20579\/revisions"}],"predecessor-version":[{"id":21038,"href":"https:\/\/clauberg.tools\/fr\/wp-json\/wp\/v2\/product\/20579\/revisions\/21038"}],"wp:featuredmedia":[{"embeddable":true,"href":"https:\/\/clauberg.tools\/fr\/wp-json\/wp\/v2\/media\/4466"}],"wp:attachment":[{"href":"https:\/\/clauberg.tools\/fr\/wp-json\/wp\/v2\/media?parent=20579"}],"wp:term":[{"taxonomy":"product_brand","embeddable":true,"href":"https:\/\/clauberg.tools\/fr\/wp-json\/wp\/v2\/product_brand?post=20579"},{"taxonomy":"product_cat","embeddable":true,"href":"https:\/\/clauberg.tools\/fr\/wp-json\/wp\/v2\/product_cat?post=20579"},{"taxonomy":"product_tag","embeddable":true,"href":"https:\/\/clauberg.tools\/fr\/wp-json\/wp\/v2\/product_tag?post=20579"}],"curies":[{"name":"wp","href":"https:\/\/api.w.org\/{rel}","templated":true}]}}