{"id":20575,"date":"2019-05-22T10:26:19","date_gmt":"2019-05-22T10:26:19","guid":{"rendered":"https:\/\/clauberg.tools\/product\/1-e-10-kunde-couteau-daccostage\/"},"modified":"2019-05-22T10:26:19","modified_gmt":"2019-05-22T10:26:19","slug":"1-e-105-kunde-docking-knife-2","status":"publish","type":"product","link":"https:\/\/clauberg.tools\/fr\/produit\/1-e-105-kunde-docking-knife-2","title":{"rendered":"1 E 10 KUNDE couteau d&rsquo;accostage"},"content":{"rendered":"<p>https:\/\/clauberg.tools\/?post_type=product&#038;p=6667<\/p>\n","protected":false},"excerpt":{"rendered":"<p>Ex\u00e9cution l\u00e9g\u00e8re et \u00e9troite.<\/p>\n<p>Poids : 80g  <\/p>\n<p>Lame : 7cm<\/p>\n","protected":false},"featured_media":4474,"comment_status":"closed","ping_status":"closed","template":"","meta":[],"product_brand":[],"product_cat":[884],"product_tag":[],"class_list":{"0":"post-20575","1":"product","2":"type-product","3":"status-publish","4":"has-post-thumbnail","6":"product_cat-couteaux-de-jardin","8":"first","9":"instock","10":"shipping-taxable","11":"product-type-simple"},"_links":{"self":[{"href":"https:\/\/clauberg.tools\/fr\/wp-json\/wp\/v2\/product\/20575","targetHints":{"allow":["GET"]}}],"collection":[{"href":"https:\/\/clauberg.tools\/fr\/wp-json\/wp\/v2\/product"}],"about":[{"href":"https:\/\/clauberg.tools\/fr\/wp-json\/wp\/v2\/types\/product"}],"replies":[{"embeddable":true,"href":"https:\/\/clauberg.tools\/fr\/wp-json\/wp\/v2\/comments?post=20575"}],"version-history":[{"count":0,"href":"https:\/\/clauberg.tools\/fr\/wp-json\/wp\/v2\/product\/20575\/revisions"}],"wp:featuredmedia":[{"embeddable":true,"href":"https:\/\/clauberg.tools\/fr\/wp-json\/wp\/v2\/media\/4474"}],"wp:attachment":[{"href":"https:\/\/clauberg.tools\/fr\/wp-json\/wp\/v2\/media?parent=20575"}],"wp:term":[{"taxonomy":"product_brand","embeddable":true,"href":"https:\/\/clauberg.tools\/fr\/wp-json\/wp\/v2\/product_brand?post=20575"},{"taxonomy":"product_cat","embeddable":true,"href":"https:\/\/clauberg.tools\/fr\/wp-json\/wp\/v2\/product_cat?post=20575"},{"taxonomy":"product_tag","embeddable":true,"href":"https:\/\/clauberg.tools\/fr\/wp-json\/wp\/v2\/product_tag?post=20575"}],"curies":[{"name":"wp","href":"https:\/\/api.w.org\/{rel}","templated":true}]}}