{"id":20550,"date":"2019-05-22T10:34:55","date_gmt":"2019-05-22T10:34:55","guid":{"rendered":"https:\/\/clauberg.tools\/product\/f-900-profile-pince-de-reglage-des-sections\/"},"modified":"2023-09-29T15:34:32","modified_gmt":"2023-09-29T15:34:32","slug":"f-900-pince-a-fixer-les-sections-profilees-2","status":"publish","type":"product","link":"https:\/\/clauberg.tools\/fr\/produit\/f-900-pince-a-fixer-les-sections-profilees-2","title":{"rendered":"F 900 &#8211; Pince \u00e0 sertir"},"content":{"rendered":"<p>https:\/\/clauberg.tools\/?post_type=product&#038;p=6675<\/p>\n","protected":false},"excerpt":{"rendered":"<p>Pince \u00e0 agrafage pour cloisons s\u00e8ches, capacit\u00e9 maximale 1,0 + 1,0 mm.<\/p>\n<p>Poin\u00e7onnage rapide et efficace pour la pose de rails et de montants.<br \/>\nConvient aux montants de plafond.<br \/>\nPas besoin de per\u00e7age, de vis ou de rivets.<br \/>\nPoin\u00e7on et matrice de poin\u00e7onnage rempla\u00e7ables, en acier au carbone tremp\u00e9 AISI 1045.<br \/>\nPoign\u00e9es 2-K ergonomiques et antid\u00e9rapantes.<br \/>\nGarantie de 5 ans sur le poin\u00e7on et la matrice de poin\u00e7onnage.<br \/>\nLa configuration des bras minimise le risque d&rsquo;\u00e9crasement.<\/p>\n","protected":false},"featured_media":4459,"comment_status":"closed","ping_status":"closed","template":"","meta":[],"product_brand":[],"product_cat":[880],"product_tag":[],"class_list":{"0":"post-20550","1":"product","2":"type-product","3":"status-publish","4":"has-post-thumbnail","6":"product_cat-outils-pour-profiles","8":"first","9":"instock","10":"shipping-taxable","11":"product-type-simple"},"_links":{"self":[{"href":"https:\/\/clauberg.tools\/fr\/wp-json\/wp\/v2\/product\/20550","targetHints":{"allow":["GET"]}}],"collection":[{"href":"https:\/\/clauberg.tools\/fr\/wp-json\/wp\/v2\/product"}],"about":[{"href":"https:\/\/clauberg.tools\/fr\/wp-json\/wp\/v2\/types\/product"}],"replies":[{"embeddable":true,"href":"https:\/\/clauberg.tools\/fr\/wp-json\/wp\/v2\/comments?post=20550"}],"version-history":[{"count":5,"href":"https:\/\/clauberg.tools\/fr\/wp-json\/wp\/v2\/product\/20550\/revisions"}],"predecessor-version":[{"id":21035,"href":"https:\/\/clauberg.tools\/fr\/wp-json\/wp\/v2\/product\/20550\/revisions\/21035"}],"wp:featuredmedia":[{"embeddable":true,"href":"https:\/\/clauberg.tools\/fr\/wp-json\/wp\/v2\/media\/4459"}],"wp:attachment":[{"href":"https:\/\/clauberg.tools\/fr\/wp-json\/wp\/v2\/media?parent=20550"}],"wp:term":[{"taxonomy":"product_brand","embeddable":true,"href":"https:\/\/clauberg.tools\/fr\/wp-json\/wp\/v2\/product_brand?post=20550"},{"taxonomy":"product_cat","embeddable":true,"href":"https:\/\/clauberg.tools\/fr\/wp-json\/wp\/v2\/product_cat?post=20550"},{"taxonomy":"product_tag","embeddable":true,"href":"https:\/\/clauberg.tools\/fr\/wp-json\/wp\/v2\/product_tag?post=20550"}],"curies":[{"name":"wp","href":"https:\/\/api.w.org\/{rel}","templated":true}]}}