{"id":20479,"date":"2019-06-23T19:40:36","date_gmt":"2019-06-23T19:40:36","guid":{"rendered":"https:\/\/clauberg.tools\/product\/p-1-crochets-en-beton-forge-copie\/"},"modified":"2019-06-23T19:40:36","modified_gmt":"2019-06-23T19:40:36","slug":"p-1-crochets-concrets-forges-copie-3","status":"publish","type":"product","link":"https:\/\/clauberg.tools\/fr\/produit\/p-1-crochets-concrets-forges-copie-3","title":{"rendered":"P 1 &#8211; Crochets en b\u00e9ton forg\u00e9 (copie)"},"content":{"rendered":"<p>https:\/\/clauberg.tools\/?post_type=product&#038;p=6587<\/p>\n","protected":false},"excerpt":{"rendered":"<p>Crochet \u00e0 b\u00e9ton forg\u00e9 \u00e0 chaud dans la matrice.<br \/>\nFabriqu\u00e9 en acier au carbone.<br \/>\nLa pointe de la goupille est durcie.<br \/>\nBracelet ajustable.<br \/>\nSangle fixe ou pivotante.<\/p>\n","protected":false},"featured_media":5266,"comment_status":"closed","ping_status":"closed","template":"","meta":[],"product_brand":[],"product_cat":[873],"product_tag":[],"class_list":{"0":"post-20479","1":"product","2":"type-product","3":"status-publish","4":"has-post-thumbnail","6":"product_cat-outils-de-pose-de-briques","8":"first","9":"instock","10":"shipping-taxable","11":"product-type-simple"},"_links":{"self":[{"href":"https:\/\/clauberg.tools\/fr\/wp-json\/wp\/v2\/product\/20479","targetHints":{"allow":["GET"]}}],"collection":[{"href":"https:\/\/clauberg.tools\/fr\/wp-json\/wp\/v2\/product"}],"about":[{"href":"https:\/\/clauberg.tools\/fr\/wp-json\/wp\/v2\/types\/product"}],"replies":[{"embeddable":true,"href":"https:\/\/clauberg.tools\/fr\/wp-json\/wp\/v2\/comments?post=20479"}],"version-history":[{"count":0,"href":"https:\/\/clauberg.tools\/fr\/wp-json\/wp\/v2\/product\/20479\/revisions"}],"wp:featuredmedia":[{"embeddable":true,"href":"https:\/\/clauberg.tools\/fr\/wp-json\/wp\/v2\/media\/5266"}],"wp:attachment":[{"href":"https:\/\/clauberg.tools\/fr\/wp-json\/wp\/v2\/media?parent=20479"}],"wp:term":[{"taxonomy":"product_brand","embeddable":true,"href":"https:\/\/clauberg.tools\/fr\/wp-json\/wp\/v2\/product_brand?post=20479"},{"taxonomy":"product_cat","embeddable":true,"href":"https:\/\/clauberg.tools\/fr\/wp-json\/wp\/v2\/product_cat?post=20479"},{"taxonomy":"product_tag","embeddable":true,"href":"https:\/\/clauberg.tools\/fr\/wp-json\/wp\/v2\/product_tag?post=20479"}],"curies":[{"name":"wp","href":"https:\/\/api.w.org\/{rel}","templated":true}]}}