{"id":20138,"date":"2019-05-21T20:03:03","date_gmt":"2019-05-21T20:03:03","guid":{"rendered":"https:\/\/clauberg.tools\/product\/s-580-22-2-cisaille-a-rosier\/"},"modified":"2019-05-21T20:03:03","modified_gmt":"2019-05-21T20:03:03","slug":"s-580-22-2-rose-shear-2","status":"publish","type":"product","link":"https:\/\/clauberg.tools\/fr\/produit\/s-580-22-2-rose-shear-2","title":{"rendered":"S 580 22-2 Cisaille \u00e0 rosier"},"content":{"rendered":"<p>https:\/\/clauberg.tools\/?post_type=product&#038;p=6570<\/p>\n","protected":false},"excerpt":{"rendered":"<p>Cisaille en acier sp\u00e9cial, forg\u00e9e \u00e0 chaud dans une matrice ferm\u00e9e.<\/p>\n<p>Lame et manche d&rsquo;une seule pi\u00e8ce.<br \/>\nLames de d\u00e9rivation.<br \/>\nCoupe-fil int\u00e9gr\u00e9.<br \/>\nAvec \u00e9crou de blocage et plaque de guidage.<br \/>\nLes poign\u00e9es en bois se fixent \u00e0 l&rsquo;aide de rivets.<br \/>\nFermeture en m\u00e9tal.<br \/>\nUn tr\u00e8s bel outil et un tr\u00e8s beau cadeau.<\/p>\n<p>Longueur : 22 cm.<\/p>\n<p>Poids : 330 g.<\/p>\n","protected":false},"featured_media":5361,"comment_status":"closed","ping_status":"closed","template":"","meta":[],"product_brand":[],"product_cat":[848],"product_tag":[],"class_list":{"0":"post-20138","1":"product","2":"type-product","3":"status-publish","4":"has-post-thumbnail","6":"product_cat-ciseaux-de-jardinage","8":"first","9":"instock","10":"shipping-taxable","11":"product-type-simple"},"_links":{"self":[{"href":"https:\/\/clauberg.tools\/fr\/wp-json\/wp\/v2\/product\/20138","targetHints":{"allow":["GET"]}}],"collection":[{"href":"https:\/\/clauberg.tools\/fr\/wp-json\/wp\/v2\/product"}],"about":[{"href":"https:\/\/clauberg.tools\/fr\/wp-json\/wp\/v2\/types\/product"}],"replies":[{"embeddable":true,"href":"https:\/\/clauberg.tools\/fr\/wp-json\/wp\/v2\/comments?post=20138"}],"version-history":[{"count":0,"href":"https:\/\/clauberg.tools\/fr\/wp-json\/wp\/v2\/product\/20138\/revisions"}],"wp:featuredmedia":[{"embeddable":true,"href":"https:\/\/clauberg.tools\/fr\/wp-json\/wp\/v2\/media\/5361"}],"wp:attachment":[{"href":"https:\/\/clauberg.tools\/fr\/wp-json\/wp\/v2\/media?parent=20138"}],"wp:term":[{"taxonomy":"product_brand","embeddable":true,"href":"https:\/\/clauberg.tools\/fr\/wp-json\/wp\/v2\/product_brand?post=20138"},{"taxonomy":"product_cat","embeddable":true,"href":"https:\/\/clauberg.tools\/fr\/wp-json\/wp\/v2\/product_cat?post=20138"},{"taxonomy":"product_tag","embeddable":true,"href":"https:\/\/clauberg.tools\/fr\/wp-json\/wp\/v2\/product_tag?post=20138"}],"curies":[{"name":"wp","href":"https:\/\/api.w.org\/{rel}","templated":true}]}}