{"id":20728,"date":"2019-05-21T20:03:32","date_gmt":"2019-05-21T20:03:32","guid":{"rendered":"https:\/\/clauberg.tools\/product\/s-1101-19-traubenschere\/"},"modified":"2023-09-27T14:01:05","modified_gmt":"2023-09-27T14:01:05","slug":"s-1101-19-grape-shear-2","status":"publish","type":"product","link":"https:\/\/clauberg.tools\/de\/produkt\/s-1101-19-grape-shear-2","title":{"rendered":"S 1101 19 Traubenschere"},"content":{"rendered":"<p>https:\/\/clauberg.tools\/?post_type=product&#038;p=6573<\/p>\n","protected":false},"excerpt":{"rendered":"<p>Schere aus ausgew\u00e4hltem Spezial-Scherenstahl, geschmiedet<\/p>\n<p>Schneide und Schenkel aus einem St\u00fcck, sorgf\u00e4ltig geh\u00e4rtet<br \/>\nBypass-Klingen<br \/>\nGriffe mit rotem Plastik\u00fcberzug<br \/>\nMit Lederverschlu\u00df<\/p>\n<p>L\u00e4nge: ca. 19 cm<\/p>\n<p>Gewicht: ca. 170 g<\/p>\n","protected":false},"featured_media":5326,"comment_status":"closed","ping_status":"closed","template":"","meta":[],"product_brand":[],"product_cat":[846],"product_tag":[],"class_list":{"0":"post-20728","1":"product","2":"type-product","3":"status-publish","4":"has-post-thumbnail","6":"product_cat-gartenschere","8":"first","9":"instock","10":"shipping-taxable","11":"product-type-simple"},"_links":{"self":[{"href":"https:\/\/clauberg.tools\/de\/wp-json\/wp\/v2\/product\/20728","targetHints":{"allow":["GET"]}}],"collection":[{"href":"https:\/\/clauberg.tools\/de\/wp-json\/wp\/v2\/product"}],"about":[{"href":"https:\/\/clauberg.tools\/de\/wp-json\/wp\/v2\/types\/product"}],"replies":[{"embeddable":true,"href":"https:\/\/clauberg.tools\/de\/wp-json\/wp\/v2\/comments?post=20728"}],"version-history":[{"count":1,"href":"https:\/\/clauberg.tools\/de\/wp-json\/wp\/v2\/product\/20728\/revisions"}],"predecessor-version":[{"id":21007,"href":"https:\/\/clauberg.tools\/de\/wp-json\/wp\/v2\/product\/20728\/revisions\/21007"}],"wp:featuredmedia":[{"embeddable":true,"href":"https:\/\/clauberg.tools\/de\/wp-json\/wp\/v2\/media\/5326"}],"wp:attachment":[{"href":"https:\/\/clauberg.tools\/de\/wp-json\/wp\/v2\/media?parent=20728"}],"wp:term":[{"taxonomy":"product_brand","embeddable":true,"href":"https:\/\/clauberg.tools\/de\/wp-json\/wp\/v2\/product_brand?post=20728"},{"taxonomy":"product_cat","embeddable":true,"href":"https:\/\/clauberg.tools\/de\/wp-json\/wp\/v2\/product_cat?post=20728"},{"taxonomy":"product_tag","embeddable":true,"href":"https:\/\/clauberg.tools\/de\/wp-json\/wp\/v2\/product_tag?post=20728"}],"curies":[{"name":"wp","href":"https:\/\/api.w.org\/{rel}","templated":true}]}}