{"id":20610,"date":"2019-05-22T09:53:43","date_gmt":"2019-05-22T09:53:43","guid":{"rendered":"https:\/\/clauberg.tools\/product\/f-854-locher\/"},"modified":"2023-09-26T14:36:15","modified_gmt":"2023-09-26T14:36:15","slug":"f-854-lochstanze-2","status":"publish","type":"product","link":"https:\/\/clauberg.tools\/de\/produkt\/f-854-lochstanze-2","title":{"rendered":"F 854 Handlochzange"},"content":{"rendered":"<p>https:\/\/clauberg.tools\/?post_type=product&#038;p=6636<\/p>\n","protected":false},"excerpt":{"rendered":"<p>Handlochzange, Gr\u00f6\u00dfe 20, f\u00fcr Metallarbeiter<\/p>\n<p>Robustes Handwerkzeug<br \/>\nGeeignet f\u00fcr den einh\u00e4ndigen Gebrauch<br \/>\nStanzt Nietl\u00f6cher<br \/>\nMit 3,3 mm Stempel und Matrize<br \/>\nGriffe mit rotem PVC-Schutz<\/p>\n","protected":false},"featured_media":4937,"comment_status":"closed","ping_status":"closed","template":"","meta":[],"product_brand":[],"product_cat":[879],"product_tag":[],"class_list":{"0":"post-20610","1":"product","2":"type-product","3":"status-publish","4":"has-post-thumbnail","6":"product_cat-werkzeuge-fur-metall","8":"first","9":"instock","10":"shipping-taxable","11":"product-type-simple"},"_links":{"self":[{"href":"https:\/\/clauberg.tools\/de\/wp-json\/wp\/v2\/product\/20610","targetHints":{"allow":["GET"]}}],"collection":[{"href":"https:\/\/clauberg.tools\/de\/wp-json\/wp\/v2\/product"}],"about":[{"href":"https:\/\/clauberg.tools\/de\/wp-json\/wp\/v2\/types\/product"}],"replies":[{"embeddable":true,"href":"https:\/\/clauberg.tools\/de\/wp-json\/wp\/v2\/comments?post=20610"}],"version-history":[{"count":2,"href":"https:\/\/clauberg.tools\/de\/wp-json\/wp\/v2\/product\/20610\/revisions"}],"predecessor-version":[{"id":20949,"href":"https:\/\/clauberg.tools\/de\/wp-json\/wp\/v2\/product\/20610\/revisions\/20949"}],"wp:featuredmedia":[{"embeddable":true,"href":"https:\/\/clauberg.tools\/de\/wp-json\/wp\/v2\/media\/4937"}],"wp:attachment":[{"href":"https:\/\/clauberg.tools\/de\/wp-json\/wp\/v2\/media?parent=20610"}],"wp:term":[{"taxonomy":"product_brand","embeddable":true,"href":"https:\/\/clauberg.tools\/de\/wp-json\/wp\/v2\/product_brand?post=20610"},{"taxonomy":"product_cat","embeddable":true,"href":"https:\/\/clauberg.tools\/de\/wp-json\/wp\/v2\/product_cat?post=20610"},{"taxonomy":"product_tag","embeddable":true,"href":"https:\/\/clauberg.tools\/de\/wp-json\/wp\/v2\/product_tag?post=20610"}],"curies":[{"name":"wp","href":"https:\/\/api.w.org\/{rel}","templated":true}]}}