{"id":20593,"date":"2019-05-22T09:53:39","date_gmt":"2019-05-22T09:53:39","guid":{"rendered":"https:\/\/clauberg.tools\/product\/f-855-locher\/"},"modified":"2023-09-26T14:41:02","modified_gmt":"2023-09-26T14:41:02","slug":"f-855-lochstanze-2","status":"publish","type":"product","link":"https:\/\/clauberg.tools\/de\/produkt\/f-855-lochstanze-2","title":{"rendered":"F 855 Handlochzange"},"content":{"rendered":"<p>https:\/\/clauberg.tools\/?post_type=product&#038;p=6635<\/p>\n","protected":false},"excerpt":{"rendered":"<p>Handlochzange, Gr\u00f6\u00dfe 24, f\u00fcr Metallarbeiter<\/p>\n<p>Robustes Handwerkzeug<br \/>\nF\u00fcr zwei H\u00e4nde geeignet<br \/>\nStanzt Nietl\u00f6cher<br \/>\nMit 3,3mm \u00d8 Stempel und Matrize<br \/>\nGriffe mit rotem PVC-Schutz<\/p>\n","protected":false},"featured_media":4943,"comment_status":"closed","ping_status":"closed","template":"","meta":[],"product_brand":[],"product_cat":[879],"product_tag":[],"class_list":{"0":"post-20593","1":"product","2":"type-product","3":"status-publish","4":"has-post-thumbnail","6":"product_cat-werkzeuge-fur-metall","8":"first","9":"instock","10":"shipping-taxable","11":"product-type-simple"},"_links":{"self":[{"href":"https:\/\/clauberg.tools\/de\/wp-json\/wp\/v2\/product\/20593","targetHints":{"allow":["GET"]}}],"collection":[{"href":"https:\/\/clauberg.tools\/de\/wp-json\/wp\/v2\/product"}],"about":[{"href":"https:\/\/clauberg.tools\/de\/wp-json\/wp\/v2\/types\/product"}],"replies":[{"embeddable":true,"href":"https:\/\/clauberg.tools\/de\/wp-json\/wp\/v2\/comments?post=20593"}],"version-history":[{"count":2,"href":"https:\/\/clauberg.tools\/de\/wp-json\/wp\/v2\/product\/20593\/revisions"}],"predecessor-version":[{"id":20951,"href":"https:\/\/clauberg.tools\/de\/wp-json\/wp\/v2\/product\/20593\/revisions\/20951"}],"wp:featuredmedia":[{"embeddable":true,"href":"https:\/\/clauberg.tools\/de\/wp-json\/wp\/v2\/media\/4943"}],"wp:attachment":[{"href":"https:\/\/clauberg.tools\/de\/wp-json\/wp\/v2\/media?parent=20593"}],"wp:term":[{"taxonomy":"product_brand","embeddable":true,"href":"https:\/\/clauberg.tools\/de\/wp-json\/wp\/v2\/product_brand?post=20593"},{"taxonomy":"product_cat","embeddable":true,"href":"https:\/\/clauberg.tools\/de\/wp-json\/wp\/v2\/product_cat?post=20593"},{"taxonomy":"product_tag","embeddable":true,"href":"https:\/\/clauberg.tools\/de\/wp-json\/wp\/v2\/product_tag?post=20593"}],"curies":[{"name":"wp","href":"https:\/\/api.w.org\/{rel}","templated":true}]}}