{"id":20845,"date":"2018-08-20T11:33:38","date_gmt":"2018-08-20T11:33:38","guid":{"rendered":"https:\/\/clauberg.tools\/datenschutzbestimmungen\/"},"modified":"2023-09-11T08:10:52","modified_gmt":"2023-09-11T08:10:52","slug":"datenschutzbestimmungen","status":"publish","type":"page","link":"https:\/\/clauberg.tools\/de\/datenschutzbestimmungen","title":{"rendered":"Datenschutzbestimmungen"},"content":{"rendered":"\n<p><strong>1 &#8211; Introdu\u00e7\u00e3o<\/strong><\/p>\n\n<p>Estamos empenhados no respeito pela privacidade e confidencialidade dos dados<br\/>pessoais que lhe s\u00e3o disponibilizados e por isso nesta Pol\u00edtica de Privacidade encontra informa\u00e7\u00e3o sobre a forma como os mesmos s\u00e3o tratados em conformidade com o Regulamento Geral de Protec\u00e7\u00e3o de Dados. Wir haben administrative und technische Ma\u00dfnahmen ergriffen, um mit der neuen Datenschutzverordnung \u00fcbereinzustimmen.<\/p>\n\n<p>Die Nutzung dieser Website unterliegt den angegebenen Bedingungen und Konditionen, und der Nutzer verpflichtet sich, diese einzuhalten. O utilizador n\u00e3o dever\u00e1 utilizar este website caso n\u00e3o concorde com estes termos e condi\u00e7\u00f5es.<\/p>\n\n<p><strong>2 &#8211; O seu consentimento<\/strong><\/p>\n\n<p>Ao utilizar o nosso website e as nossas plataformas, concorda com nossa Pol\u00edtica de Privacidade.<\/p>\n\n<p><strong>3 &#8211; Porque tratamos os dados pessoais?<\/strong><\/p>\n\n<p>Die erhobenen Personendaten dienen grunds\u00e4tzlich der Beantwortung von Informations- und Kontaktanfragen, der Vertragsgestaltung, der Erbringung von Dienstleistungen und der Kommunikation von \u00c4nderungen an den abonnierten Produkten und Dienstleistungen, Sie k\u00f6nnen jedoch mit Ihrer Zustimmung auch f\u00fcr die Verbreitung neuer Produkte und Dienstleistungen sowie von Informationen \u00fcber das Unternehmen, f\u00fcr die Durchf\u00fchrung von Bewertungsanfragen und f\u00fcr gesetzlich vorgeschriebene Informationsma\u00dfnahmen verwendet werden.<\/p>\n\n<p><strong>4 &#8211; Welche Personaldaten werden aufgezeichnet?<\/strong><\/p>\n\n<p>Normalerweise beschr\u00e4nken sich die abgerufenen Personendaten auf Nome, Morada, N\u00famero de Telefone \/ Telem\u00f3vel, N\u00famero de Contribuinte, Endere\u00e7o de E-mail, aber es k\u00f6nnen auch andere Daten abgerufen werden, die f\u00fcr die Bereitstellung von Produkten oder Dienstleistungen erforderlich sind.<\/p>\n\n<p>Dar\u00fcber hinaus werden bei der Versendung von E-Mails statistische Daten erfasst, die es erm\u00f6glichen, das Verhalten jedes Abonnenten in Bezug auf die empfangene E-Mail zu erkennen.<\/p>\n\n<p><strong>5 &#8211; Wie werden personenbezogene Daten wiederhergestellt?<\/strong><\/p>\n\n<p>Im Allgemeinen werden personenbezogene Daten bei der Anmeldung zu unseren Produkten oder Dienstleistungen erfasst, wobei einige personenbezogene Daten f\u00fcr die Inanspruchnahme von Dienstleistungen erforderlich sind.<\/p>\n\n<p>Wir speichern auch Ihre Daten, wenn Sie einen Newsletter abonnieren, um auf Ihre Nachrichten und Anfragen zu antworten, um Ihre Bewerbung als Partner oder Mitarbeiter zu analysieren und zu formalisieren, um die Website zu betreiben und zu verwalten, um Betrug vorzubeugen und um ein Verzeichnis Ihrer Kontaktinformationen zu f\u00fchren.<\/p>\n\n<p>Wir bekr\u00e4ftigen stets Ihr Recht auf Privatsph\u00e4re und werden ohne Ihre ausdr\u00fcckliche Zustimmung keine pers\u00f6nlichen Informationen \u00fcber Sie weitergeben. Os seus dados pessoais n\u00e3o ser\u00e3o reutilizados para outras finalidades que sejam previamente identificadas ou que n\u00e3o tenham qualquer rela\u00e7\u00e3o com aquelas finalidades para as quais foram inicialmente recolhidos.<\/p>\n\n<p>Todavia a disponibiliza\u00e7\u00e3o de dados incorretos ou inexatos \u00e9 da sua exclusiva responsabilidade.<\/p>\n\n<p><strong>6 &#8211; Dados de menores<\/strong><\/p>\n\n<p>Die Website richtet sich nicht an Kinder unter 16 Jahren. Wir bitten darum, dass diese Kinder die Website nicht nutzen und keine personenbezogenen Daten \u00fcber die Website weitergeben.<\/p>\n\n<p><strong>7 &#8211; Sensible Papiere<\/strong><\/p>\n\n<p>Wir bitten ausdr\u00fccklich darum, dass wir keine sensiblen Personendaten, d.h. Informationen \u00fcber Rasse oder ethnische Zugeh\u00f6rigkeit, politische Meinungen, religi\u00f6se oder philosophische \u00dcberzeugungen, die Zugeh\u00f6rigkeit zu einer Gewerkschaft oder einem Verband oder eine andere Organisation erhalten, cren\u00e7as religiosas ou filos\u00f3ficas, associa\u00e7\u00e3o sindical, informa\u00e7\u00f5es gen\u00e9ticas, informa\u00e7\u00f5es biom\u00e9tricas, dados relativos \u00e0 sa\u00fade ou dados relativos a vida sexual de uma pessoa natural ou a orienta\u00e7\u00e3o sexual. Esses dados pessoais ser\u00e3o imediatamente apagados.<\/p>\n\n<p><strong>8 &#8211; Qual o per\u00edodo de conserva\u00e7\u00e3o de dados pessoais?<\/strong><\/p>\n\n<p>Cabe-nos referir que os dados pessoais que nos fornece ser\u00e3o conservados at\u00e9 um per\u00edodo m\u00e1ximo de dez anos.<br\/>Dennoch k\u00f6nnen wir in bestimmten F\u00e4llen die Daten w\u00e4hrend l\u00e4ngerer Zeitr\u00e4ume aufbewahren, z.B. wenn eine Lei assim o impuser.<\/p>\n\n<p><strong>9 &#8211; Direito de acesso, rectifica\u00e7\u00e3o e actualiza\u00e7\u00e3o de dados<\/strong><\/p>\n\n<p>Nos termos da legisla\u00e7\u00e3o aplic\u00e1vel, \u00e9-lhe garantido, na qualidade de titular dos dados, o direito, a qualquer momento, de aceder aos seus dados pessoais, solicitar a sua retifica\u00e7\u00e3o ou aditamento, opor-se ao tramento dos dados, mit Ausnahme der f\u00fcr die Erbringung der Dienstleistung erforderlichen Geb\u00fchren und\/oder die Portabilit\u00e4t der Daten zu verlangen, die L\u00f6schung der Daten f\u00fcr Marketing- oder Telemarketingzwecke oder die Aufnahme in Kunden- und Informationslisten zu beantragen.<\/p>\n\n<p>Sie k\u00f6nnen jede der oben genannten Leistungen \u00fcber unsere Kontaktseite auf unserer Website anfordern, indem Sie den f\u00fcr Sie bequemsten und einfachsten Weg nutzen, um mit uns \u00fcber unsere Telefonnummer oder E-Mail zu kommunizieren, die Sie \u00fcber den Link erhalten:<\/p>\n\n<p>Kontaktm\u00f6glichkeiten<\/p>\n\n<p>Falls wir die Eliminierung einiger unserer Personendaten oder ihrer Gesamtheit verlangen, k\u00f6nnen einige der verlangten Dienstleistungen nicht erbracht werden, wobei die Personendaten, die f\u00fcr die Erf\u00fcllung unserer Verpflichtungen erforderlich sind, erhalten bleiben.<\/p>\n\n<p>Wir behalten uns das Recht vor, den Zugang zu den identifizierenden Elementen des Autors der Anfrage zu beantragen, um die jeweilige Identit\u00e4t zu \u00fcberpr\u00fcfen.<\/p>\n\n<p><strong>10 &#8211; Weitergabe von Informationen an Dritte<\/strong><\/p>\n\n<p>N\u00e3o vendemos ou comercializamos os seus dados.<\/p>\n\n<p>Im Rahmen unserer T\u00e4tigkeit k\u00f6nnen wir f\u00fcr die Erbringung bestimmter Dienstleistungen auf Drittanbieter zur\u00fcckgreifen, was den Zugriff dieser Unternehmen auf personenbezogene Daten unserer Nutzer und Kunden zur Folge haben kann. Quando tal sucede, tomamos todas as precau\u00e7\u00f5es adequadas, impondo contratualmente a estas entidades que ponham em pr\u00e1tica as medidas t\u00e9cnicas e organizacionais adequadas para obstar a qualquer tratamento il\u00edcito dos dados e para assegurar a sua disponibilidade, integridade e confidencialidade.<\/p>\n\n<p>Os dados pessoais tamb\u00e9m poder\u00e3o ser disponibilizados aos tribunais e \u00e0s demais autoridades competentes, no estrito cumprimento do disposto na lei, designadamente quando se revelem necess\u00e1rios para a resolu\u00e7\u00e3o de lit\u00edgios relativos \u00e0 fatura\u00e7\u00e3o e para atividades relativas \u00e0 prote\u00e7\u00e3o da seguran\u00e7a p\u00fablica, da defesa e seguran\u00e7a do Estado e \u00e0 preven\u00e7\u00e3o, investigiga\u00e7\u00e3o ou dete\u00e7\u00e3o de il\u00edcitos criminais.<\/p>\n\n<p><strong>11 &#8211; Sicherheit<\/strong><\/p>\n\n<p>Die Sicherstellung von Vertraulichkeit, Integrit\u00e4t und Verf\u00fcgbarkeit von Daten ist ein Kompromiss, den wir mit unseren Kunden und Nutzern eingehen.<\/p>\n\n<p>Nesse sentido seguimos as melhores pr\u00e1ticas de gest\u00e3o de seguran\u00e7a da informa\u00e7\u00e3o, exigindo aos nossos colaboradores o cumprimento estrito das rigorosas normas, asseguramento da seguran\u00e7a dos dados pessoais que nos sejam comunicados, n\u00e3o podendo utilizar tais dados para quaisquer outras finalidades que n\u00e3o as definidas no contrato, nem correlacion\u00e1-los com outros dados que se encontrem na sua disponibilidade.<\/p>\n\n<p>Wir weisen Sie darauf hin, dass die Daten, die im Internet zirkulieren, nicht vollst\u00e4ndig vor eventuellen Sch\u00e4den gesch\u00fctzt sind, da die Kommunikation von Zugangsdaten, Passw\u00f6rtern, vertraulichen Daten und sensiblen Informationen unter Ihrer eigenen Verantwortung erfolgt.<\/p>\n\n<p><strong>12 &#8211; Kekse<\/strong><\/p>\n\n<p>Wir verwenden Cookies auf dieser Website. Ein Cookie ist eine kleine Textdatei, die Ihren Computer auf unserem Server identifiziert. Diese Cookies identifizieren nicht den einzelnen Benutzer, sondern nur den verwendeten Computer. Os cookies n\u00e3o s\u00e3o usados para recolher informa\u00e7\u00f5es pessoais.<\/p>\n\n<p>Diese Website verwendet Cookies, die dazu dienen, die Nutzung, das Interesse und die Anzahl der Zugriffe auf die Website zu ermitteln, um eine schnellere und effizientere Navigation auf dieser Website zu erm\u00f6glichen und die Notwendigkeit einer wiederholten Eingabe dieser Informationen zu vermeiden.<\/p>\n\n<p>Die Verwendung von Cookies durch diese Seite erfordert immer Ihr vorheriges Einverst\u00e4ndnis.<\/p>\n\n<p>Os cookies que utilizamos:<\/p>\n\n<p>PHPSESSID: Cookie, das es der Website erm\u00f6glicht, auf jede Aktion zu antworten, die der Benutzer auf der Website ausf\u00fchrt, wie z.B. das Ausf\u00fcllen eines Anfrageformulars. O website n\u00e3o funciona corretamente se este cookie n\u00e3o for usado.<\/p>\n\n<p>xms_user: Cookie, das von Backoffice-Nutzern verwendet wird. O website funciona corretamente se este cookie n\u00e3o for usado.<\/p>\n\n<p><strong>utma, __utmb, __utmc, __utmz: Cookies<\/strong> utmz come\u00e7ando &#8222;__utm&#8220; permitem a fun\u00e7\u00e3o do software de an\u00e1lise (analytics). Diese Software hilft Ihnen bei der Analyse von Website-Besuchern und liefert Ihnen wichtige Informationen, wie z.B. genutzte Seiten, Wiederholungsbesucher und Reaktionen auf Marketing-Aktivit\u00e4ten.<\/p>\n\n<p>__atuvc: O cookie _atuvc \u00e9 criado e lido pelo JavaScript do website que permite a partilha de conte\u00fados em redes sociais &#8222;AddThis&#8220;.<\/p>\n\n<p>Alle Browser erlauben es dem Benutzer, Cookies zuzulassen, abzulehnen oder zu l\u00f6schen, und zwar \u00fcber die Auswahl der geeigneten Definitionen f\u00fcr den jeweiligen Browser. Sie k\u00f6nnen die Cookies im Men\u00fc &#8222;Konfigurationen&#8220; oder &#8222;Vorlieben&#8220; Ihres Browsers konfigurieren. Um mehr \u00fcber Cookies zu erfahren, einschlie\u00dflich der Art und Weise, wie Sie sehen k\u00f6nnen, dass Cookies erstellt wurden, und wie Sie sie verwalten und ausschlie\u00dfen k\u00f6nnen, besuchen Sie www.allaboutcookies.org, wo Sie auch Informationen dar\u00fcber finden, wie Sie Ihre Konfigurationen f\u00fcr verschiedene Anbieter von Navigationsdiensten verwalten k\u00f6nnen.<br\/>Beachten Sie jedoch, dass bei der Deaktivierung von Cookies Ihre Navigationserfahrung auf der Website teilweise oder vollst\u00e4ndig beeintr\u00e4chtigt werden kann.<\/p>\n\n<p>Google Analytics navegador opt-out<\/p>\n\n<p>Um den Besuchern eine bessere Auswahl zu erm\u00f6glichen, wie ihre Daten von Google Analytics erfasst werden, hat Google das Google Analytics Navegador Opt-out Add-on entwickelt. O add-on comunica com o JavaScript do Google Analytics (ga.js) para indicar que as informa\u00e7\u00f5es sobre a visita do s\u00edtio n\u00e3o devem ser enviadas para o Google Analytics. O Google Analytics Navegador Opt-out extra hindert Sie nicht daran, die Informationen f\u00fcr den Webanalysedienst oder andere Dienste weiterzugeben. Lesen Sie mehr \u00fcber das Google Analytics Brower Opt-out extra.<\/p>\n\n<p><strong>13 &#8211; Links f\u00fcr andere Websites<\/strong><\/p>\n\n<p>Konstante Links auf dieser Website k\u00f6nnen zu anderen Websites f\u00fchren. N\u00e3o nos responsabilizamos, aprovamos ou por qualquer forma apoiamos ou subscrevemos o conte\u00fado desses websites, nem dos websites com eles ligados ou neles referidos.<\/p>\n\n<p><strong>14 &#8211; \u00c4nderungen der Datenschutzpolitik<\/strong><\/p>\n\n<p>Wir behalten uns das Recht vor, diese Datenschutzrichtlinie zu einem beliebigen Zeitpunkt zu \u00e4ndern, weshalb wir Sie regelm\u00e4\u00dfig konsultieren.<\/p>\n\n<p>Todas as mudan\u00e7as entrar\u00e3o em vigor imediatamente ap\u00f3s sua publica\u00e7\u00e3o no website.<\/p>\n\n<p>Se se op\u00f5e \u00e0s mudan\u00e7as na nossa pol\u00edtica de privacidade, dever\u00e1 deixar de utilizar os nossos servi\u00e7os, inclusive o website.<\/p>\n\n<p><strong>15 &#8211; Allgemeine Verf\u00fcgungen<\/strong><\/p>\n\n<p>Wir sind nicht verantwortlich f\u00fcr Sch\u00e4den, die durch Viren entstehen, die den Computer oder die Benutzeroberfl\u00e4che oder andere Ger\u00e4te infizieren k\u00f6nnen, wenn Sie auf unsere Website zugreifen und Inhalte auf den Computer oder die Benutzeroberfl\u00e4che \u00fcbertragen.<\/p>\n\n<p><strong>16 &#8211; Kontakte, Zweifel und Fragen<\/strong><\/p>\n\n<p>Wenn Sie irgendwelche Bedenken oder Fragen haben, oder wenn Sie w\u00fcnschen, dass wir bestimmte personenbezogene Daten, die wir von Ihnen erhalten haben, aktualisieren, ausschlie\u00dfen oder \u00e4ndern, oder wenn Sie Bedenken haben, wie wir mit einer bestimmten Datenschutzfrage umgehen sollen, \u00fcber unsere Kontaktseite auf unserer Website, \u00fcber den f\u00fcr Sie bequemsten und am einfachsten zug\u00e4nglichen Weg, \u00fcber unsere Telefon- oder E-Mail-Verbindung, die Sie \u00fcber den Link aufrufen k\u00f6nnen:<\/p>\n\n<p><a href=\"https:\/\/clauberg.tools\/de\/kontaktinformationen\/\" data-type=\"link\" data-id=\"https:\/\/clauberg.tools\/contact-information\/\">Kontaktm\u00f6glichkeiten<\/a><\/p>\n","protected":false},"excerpt":{"rendered":"<p>1 &#8211; Introdu\u00e7\u00e3o Estamos empenhados no respeito pela privacidade e confidencialidade dos dadospessoais que lhe s\u00e3o disponibilizados e por isso<\/p>\n","protected":false},"author":14,"featured_media":0,"parent":0,"menu_order":0,"comment_status":"closed","ping_status":"closed","template":"","meta":{"footnotes":""},"class_list":["post-20845","page","type-page","status-publish","hentry"],"_links":{"self":[{"href":"https:\/\/clauberg.tools\/de\/wp-json\/wp\/v2\/pages\/20845","targetHints":{"allow":["GET"]}}],"collection":[{"href":"https:\/\/clauberg.tools\/de\/wp-json\/wp\/v2\/pages"}],"about":[{"href":"https:\/\/clauberg.tools\/de\/wp-json\/wp\/v2\/types\/page"}],"author":[{"embeddable":true,"href":"https:\/\/clauberg.tools\/de\/wp-json\/wp\/v2\/users\/14"}],"replies":[{"embeddable":true,"href":"https:\/\/clauberg.tools\/de\/wp-json\/wp\/v2\/comments?post=20845"}],"version-history":[{"count":1,"href":"https:\/\/clauberg.tools\/de\/wp-json\/wp\/v2\/pages\/20845\/revisions"}],"predecessor-version":[{"id":20858,"href":"https:\/\/clauberg.tools\/de\/wp-json\/wp\/v2\/pages\/20845\/revisions\/20858"}],"wp:attachment":[{"href":"https:\/\/clauberg.tools\/de\/wp-json\/wp\/v2\/media?parent=20845"}],"curies":[{"name":"wp","href":"https:\/\/api.w.org\/{rel}","templated":true}]}}